{"id":97,"date":"2023-04-03T19:31:10","date_gmt":"2023-04-03T17:31:10","guid":{"rendered":"https:\/\/consolatozurigo.esteri.it\/?page_id=97"},"modified":"2025-06-26T10:51:15","modified_gmt":"2025-06-26T14:51:15","slug":"traduzione-e-legalizzazione-dei-documenti","status":"publish","type":"page","link":"https:\/\/consnewyork.esteri.it\/it\/servizi-consolari-e-visti\/servizi-per-il-cittadino-straniero\/traduzione-e-legalizzazione-dei-documenti\/","title":{"rendered":"Traduttori di riferimento"},"content":{"rendered":"<p>Si riportano di seguito i nominativi e recapiti di alcuni professionisti di riferimento di cui potersi avvalere in caso di necessit\u00e0, ferma restando naturalmente la possibilit\u00e0 di rivolgersi ad altri professionisti di propria fiducia.<\/p>\n<p>Si precisa che detto elenco \u00e8 stato definito in base alle richieste d\u2019inserimento avanzate dagli stessi professionisti e deve quindi considerarsi aperto e non esaustivo, nel senso che potr\u00e0 in futuro annoverare altri nominativi.<br \/>\nSi precisa anche che questa Sede non risponde della qualit\u00e0 del servizio prestato dagli stessi, del loro operato e delle tariffe praticate.<\/p>\n<p>&nbsp;<\/p>\n<p><strong>ACCONCIA TRAVEL OFFICE, Inc.<\/strong><br \/>\n<strong>Massimiliano Paganini e Pierino Adovasio<\/strong><br \/>\n2378 Hughes Avenue<br \/>\nBronx, NY 10458<br \/>\nTel: (718) 367-7000<br \/>\nFax: (718) 733-0456<br \/>\ne-mail: <a href=\"mailto:acconciatravel@yahoo.com\">acconciatravel@yahoo.com<\/a><br \/>\nURL: <a href=\"http:\/\/www.acconciatravel.com\/\">www.acconciatravel.com<\/a><\/p>\n<p>&nbsp;<\/p>\n<p><strong>Apostrophe LLC<br \/>\n<\/strong>4357 Vireo Avenue Apt. #4D<br \/>\nronx, NY 10470<br \/>\nTel.: <a href=\"tel:917-353-8665\">917-353-8665<\/a> (valido anche per WhatsApp)<br \/>\ne-mail: \u00a0<a href=\"mailto:apostrophetransllc@outlook.com\">apostrophetransllc@outlook.com<\/a><br \/>\ne-mail: \u00a0<a href=\"mailto:fbova@outlook.com\">fbova@outlook.com<\/a><\/p>\n<p>&nbsp;<\/p>\n<p><strong>ARADEI Chiara<br \/>\n<\/strong>Private Italian language teacher ,Trinity College Italian group leader, translator, Italian mother tongue.<br \/>\nHartford, CT<br \/>\nPhone number: +860 796 2221<br \/>\n<a href=\"mailto:Chiara21@att.net\">Chiara21@att.net<\/a><\/p>\n<p>&nbsp;<\/p>\n<p><strong>BENEVENTANO Loredana<\/strong><br \/>\n1 Penn Plaza, Suite 2016<br \/>\nNew York, NY 10119<br \/>\nTel.: (917) 291 4568<br \/>\nFax: (212) 736 2159<br \/>\ne-mail: <a href=\"mailto:bnvloredana@gmail.com\">bnvloredana@gmail.com<\/a><\/p>\n<p>&nbsp;<\/p>\n<p><strong>BRUNO-CHOMIN, Joseph, Ph.D.<\/strong><br \/>\nTel. + 39 320 956 0229<br \/>\ne-mail: <a href=\"mailto:jsaveriobc@gmail.com\">jsaveriobc@gmail.com<\/a><\/p>\n<p>&nbsp;<\/p>\n<p><strong>CAROTA Jo\u00eblle<\/strong><br \/>\nWorld Languages and Cultures Department<br \/>\n4245 East Avenue, Nazareth University<br \/>\nRochester, NY 14618<br \/>\nTel. +1 (585) 267 0052<br \/>\ne-mail: <a href=\"mailto:joelle.carota@gmail.com\">joelle.carota@gmail.com<\/a><\/p>\n<p>&nbsp;<\/p>\n<p><strong>CIMINA Raffaele<br \/>\n<\/strong>107 Jasper Court<br \/>\nEagleville, PA 19403<br \/>\nTel. (001) 267 304 6226<br \/>\ne-mail: <a href=\"mailto:raffaele200@yahoo.com\">raffaele200@yahoo.com<\/a><\/p>\n<p>&nbsp;<\/p>\n<p><strong>CROC\u00c8 GIANLUCA<br \/>\n<\/strong><strong>Translation &amp; Apostille Services LLC<\/strong><br \/>\n1250 Broadway, Floor 36<br \/>\nNew York, NY 10001<br \/>\nTel.: 917 837-9943<br \/>\ne-mail: <a href=\"mailto:glcroce@gmail.com\">info@flatratetranslation.com<\/a><br \/>\nWebsie: <a href=\"http:\/\/www.flatratetranslation.com\">www.flatratetranslation.com<\/a><\/p>\n<p>&nbsp;<\/p>\n<p><strong>DI DOMENICO Teresa<\/strong><br \/>\n935 White Plains Road &#8211; Suite 206<br \/>\nTrumbull, CT 06611<br \/>\nTel. 203 880-9668<br \/>\nFax 203 880-9830<br \/>\ne-mail: <a href=\"mailto:italtrumbull_ct@yahoo.com\">italtrumbull_ct@yahoo.com<\/a><\/p>\n<p>&nbsp;<\/p>\n<p><strong>DI MATTEO Francesca<br \/>\nYour Italian School<\/strong><br \/>\n244 5th Avenue Ste F272<br \/>\nNew York NY 10001<br \/>\nPh (760) 694-8259<br \/>\ne-mail:\u00a0<a href=\"mailto:info@youritalianschool.com\">info@youritalianschool.com<\/a><br \/>\nwebsite:\u00a0<a href=\"http:\/\/youritalianschool.com\">youritalianschool.com<\/a><\/p>\n<p>&nbsp;<\/p>\n<p><strong>FALCONE Sonia<\/strong><br \/>\nDenville, NJ 07834<br \/>\nTel: (973) 734-0490<br \/>\ne-mail: <a href=\"mailto:soniafalcone@hotmail.com\">soniafalcone@hotmail.com<\/a><\/p>\n<p>&nbsp;<\/p>\n<p><strong>GALLIANI Raffaella &#8211; Speakitaly NYC<\/strong><br \/>\n49 West 28th Street Fl 2<br \/>\nNew York NY 10001<br \/>\nPh 212-603-9685<br \/>\n<a href=\"http:\/\/www.speakitalynyc.com\">www.speakitalynyc.com<\/a><br \/>\n<a href=\"mailto:info@speakitalynyc.com\">info@speakitalynyc.com<\/a><\/p>\n<p>&nbsp;<\/p>\n<p><strong>GENEVA WORLDWIDE<\/strong><br \/>\n256 West 38th Street &#8211; 10th Floor<br \/>\nNew York, NY 10018<br \/>\nTel. 877-464.3638 (toll free)<br \/>\n212-255-8400 x124<br \/>\nFAX: 212-255-8409<br \/>\ne-mail: <a href=\"mailto:Translation@genevaworldwide.com\">Translation@genevaworldwide.com<\/a><\/p>\n<p>&nbsp;<\/p>\n<p><strong>GUERCINI Maurizio<\/strong><br \/>\n964 Potter Avenue<br \/>\nTeaneck, NJ 07666<br \/>\nTel. (001) 201 844-2642<br \/>\ne-mail: <a href=\"mailto:mmg2015@gmail.com\">mmg2015@gmail.com<\/a><\/p>\n<p>&nbsp;<\/p>\n<p><strong>ITALIAN-AMERICAN Language Services<\/strong><br \/>\nProf. Rosaria TENACE, Interpreter -Translator<br \/>\nConnecticut, USA<br \/>\ne-mail: <a href=\"mailto:RTenace1@gmail.com\">RTenace1@gmail.com<\/a><br \/>\nwebsite: <a href=\"http:\/\/www.italianamericanls.com\">www.italianamericanls.com<\/a><\/p>\n<p>&nbsp;<\/p>\n<p><strong>LA SELVA Cristiana E.<\/strong><br \/>\n239 Buckingham pl. Philadelphia PA, 19104<br \/>\nTel.: 267-406-8287<br \/>\n<a href=\"mailto:cristiana_lsl@hotamil.it\">cristiana_lsl@hotmail.it<\/a><\/p>\n<p>&nbsp;<\/p>\n<p><strong>LAWYERS\u2019 &amp; MERCHANTS\u2019 Translation Bureau, Inc.\/RWS Group<\/strong><br \/>\n11 Broadway, Room 466<br \/>\nNew York, NY 10004<br \/>\nTel.: (212) 344-2930<br \/>\nFax: (212) 422-6877<br \/>\ne-mail: <a href=\"mailto:lmtb@rws.com\">lmtb@rws.com<\/a><\/p>\n<p>&nbsp;<\/p>\n<p><strong>LILIA PINO-BLOUIN<\/strong><br \/>\n502 9th Ave, apt. 6C,<br \/>\nNew York (NY) 10018<br \/>\nTel.: +1 (646) 821 7744<br \/>\nskype: lilia.pino<br \/>\ne-mail: <a href=\"mailto:pino.blouin@gmail.com\">pino.blouin@gmail.com<\/a><br \/>\nwebsite: <a href=\"http:\/\/www.linkedin.com\/in\/liliapinoblouin\">www.linkedin.com\/in\/liliapinoblouin<\/a><\/p>\n<p>&nbsp;<\/p>\n<p><strong>MASTROPIERRO Carla<\/strong><br \/>\nTel.973 727 4877<br \/>\nTel.973 301 2482<br \/>\ne-mail: <a href=\"mailto:Carla@casacolombo.org\">Carla@casacolombo.org<\/a><\/p>\n<p>&nbsp;<\/p>\n<p><strong>MEGALE Carla<\/strong><br \/>\n60 Verandah Place<br \/>\nBrooklyn, New York 11201<br \/>\ncell. 917 582 4436<br \/>\n<a href=\"mailto:carlamegale.notarypublic@gmail.com\">carlamegale.notarypublic@gmail.com<\/a><\/p>\n<p>&nbsp;<\/p>\n<p><strong>NEGRINI Olga<\/strong><br \/>\n437 Lincoln Street<br \/>\nCarlstadt, New Jersey, 07072USA<br \/>\nTel\/Fax 201-460-8034<br \/>\nCellulare 201-481-5628<br \/>\ne-mail: <a href=\"mailto:olganegrini@gmail.com\">olganegrini@gmail.com<\/a><\/p>\n<p>&nbsp;<\/p>\n<p><strong>PRADERIO Marco Ph.D<\/strong>.<br \/>\n400 3rd Avenue Apt. 14A<br \/>\nNew York, NY 10016<br \/>\nTel. 212 \u2013 684 2410<br \/>\nFax: 212 \u2013 683 2923<br \/>\ne-mail: <a href=\"mailto:italicusinc@earthlink.net\">italicusinc@earthlink.net<\/a><\/p>\n<p>&nbsp;<\/p>\n<p><strong>QUARTERO Marco<\/strong><br \/>\n15 Parkway Drive<br \/>\nPort Chester, NY 10573<br \/>\nTel\/Fax: (914) 939-5827<br \/>\ne-mail: <a href=\"mailto:Starmaq@aol.com\">Starmaq@aol.com<\/a>; <a href=\"mailto:Quartero4132@gmail.com\">Quartero4132@gmail.com<\/a><\/p>\n<p>&nbsp;<\/p>\n<p><strong>RUSSO Fiorentina<\/strong><br \/>\nPh.D. Assistant Professor of Italian<br \/>\nSt. John\u2019s University<br \/>\nTel. (516) 850-7939<br \/>\ne-mail: <a href=\"mailto:florentina.russo@gmail.com\">florentina.russo@gmail.com<\/a><\/p>\n<p>&nbsp;<\/p>\n<p><strong>SALMERI PHERSON Anna Maria<\/strong><br \/>\nATA Certified Eng&gt;Ita<br \/>\nTel\/Fax: 860 561-4704<br \/>\nCell: 860 670-8077<br \/>\ne-mail: <a href=\"mailto:amsalmeripherson@msn.com\">amsalmeripherson@msn.com<\/a><\/p>\n<p>&nbsp;<\/p>\n<p><strong>ZAFFARONI Elisabetta<\/strong><br \/>\n9714 Therrell Drive<br \/>\nHouston, TX 77064<br \/>\nHome: 281-894-8694<br \/>\nCell: 713-598-7710<br \/>\ne-mail: <a href=\"mailto:paololisi@sbcglobal.net\">paololisi@sbcglobal.net<\/a><\/p>\n<p>&nbsp;<\/p>\n<p><em>*Il presente elenco di traduttori non e\u2019 esaustivo. Questo Consolato Generale non risponde per il loro operato.<\/em><\/p>\n","protected":false},"excerpt":{"rendered":"Si riportano di seguito i nominativi e recapiti di alcuni professionisti di riferimento di cui potersi avvalere in caso di necessit\u00e0, ferma restando naturalmente la possibilit\u00e0 di rivolgersi ad altri professionisti di propria fiducia. Si precisa che detto elenco \u00e8 stato definito in base alle richieste d\u2019inserimento avanzate dagli stessi professionisti e deve quindi considerarsi [&hellip;]","protected":false},"author":1,"featured_media":0,"parent":62,"menu_order":4,"comment_status":"closed","ping_status":"closed","template":"","meta":{"footnotes":""},"class_list":["post-97","page","type-page","status-publish","hentry"],"_links":{"self":[{"href":"https:\/\/consnewyork.esteri.it\/it\/wp-json\/wp\/v2\/pages\/97","targetHints":{"allow":["GET"]}}],"collection":[{"href":"https:\/\/consnewyork.esteri.it\/it\/wp-json\/wp\/v2\/pages"}],"about":[{"href":"https:\/\/consnewyork.esteri.it\/it\/wp-json\/wp\/v2\/types\/page"}],"author":[{"embeddable":true,"href":"https:\/\/consnewyork.esteri.it\/it\/wp-json\/wp\/v2\/users\/1"}],"replies":[{"embeddable":true,"href":"https:\/\/consnewyork.esteri.it\/it\/wp-json\/wp\/v2\/comments?post=97"}],"version-history":[{"count":6,"href":"https:\/\/consnewyork.esteri.it\/it\/wp-json\/wp\/v2\/pages\/97\/revisions"}],"predecessor-version":[{"id":4259,"href":"https:\/\/consnewyork.esteri.it\/it\/wp-json\/wp\/v2\/pages\/97\/revisions\/4259"}],"up":[{"embeddable":true,"href":"https:\/\/consnewyork.esteri.it\/it\/wp-json\/wp\/v2\/pages\/62"}],"wp:attachment":[{"href":"https:\/\/consnewyork.esteri.it\/it\/wp-json\/wp\/v2\/media?parent=97"}],"curies":[{"name":"wp","href":"https:\/\/api.w.org\/{rel}","templated":true}]}}