{"id":87,"date":"2023-04-03T19:29:13","date_gmt":"2023-04-03T17:29:13","guid":{"rendered":"https:\/\/consolatozurigo.esteri.it\/?page_id=87"},"modified":"2025-07-24T13:55:48","modified_gmt":"2025-07-24T17:55:48","slug":"assistenza-ai-cittadini-allestero","status":"publish","type":"page","link":"https:\/\/consnewyork.esteri.it\/it\/servizi-consolari-e-visti\/servizi-per-il-cittadino-italiano\/assistenza-ai-cittadini-allestero\/","title":{"rendered":"Assistenza ai cittadini all&#8217;estero"},"content":{"rendered":"<div>\n<p>L\u2019Ufficio Assistenza svolge le attivit\u00e0 <a href=\"https:\/\/consnewyork.esteri.it\/it\/servizi-consolari-e-visti\/servizi-per-il-cittadino-italiano\/assistenza-ai-cittadini-allestero\/\">qui indicate<\/a> ed in particolare:<\/p>\n<ul>\n<li><a href=\"https:\/\/consnewyork.esteri.it\/it\/servizi-consolari-e-visti\/servizi-per-il-cittadino-italiano\/assistenza-ai-cittadini-allestero\/rimpatri\/rimpatri-salme-e-ceneri\/\">Rilascio di passaporto mortuario per rimpatrio salme e ceneri.<\/a><\/li>\n<li><a href=\"https:\/\/consnewyork.esteri.it\/it\/servizi-consolari-e-visti\/servizi-per-il-cittadino-italiano\/autoveicoli-e-patenti-di-guida\/\">Conferma di validit\u00e0 e traduzione di patenti di guida italiane<\/a>.<\/li>\n<li><a href=\"https:\/\/consnewyork.esteri.it\/it\/servizi-consolari-e-visti\/servizi-per-il-cittadino-italiano\/pensioni-e-sicurezza-sociale\/\">Verifica Esistenza in vita per pensionati INPS<\/a>.<\/li>\n<li><a href=\"https:\/\/consnewyork.esteri.it\/it\/servizi-consolari-e-visti\/servizi-per-il-cittadino-italiano\/assistenza-ai-cittadini-allestero\/assistenza-sanitaria\/dichiarazione-congruita-spese-mediche\/\">Dichiarazione di congruit\u00e0 di spese mediche<\/a> sostenute nella <a href=\"https:\/\/consnewyork.esteri.it\/consolato_newyork\/il_consolato\/\">circoscrizione del Consolato di New York<\/a> e autorizzate dalle ASL di appartenenza.<\/li>\n<li><a href=\"https:\/\/consnewyork.esteri.it\/it\/servizi-consolari-e-visti\/servizi-per-il-cittadino-italiano\/assistenza-ai-cittadini-allestero\/444-2\/\">Informazioni per l\u2019introduzione in Italia di animali domestici<\/a>.<\/li>\n<li><a href=\"https:\/\/consnewyork.esteri.it\/it\/servizi-consolari-e-visti\/servizi-per-il-cittadino-italiano\/assistenza-ai-cittadini-allestero\/assistenza-sanitaria\/dichiarazione-congruita-spese-mediche\/\">Richieste di visite mediche fiscali da parte di istituzioni italiane<\/a>.<\/li>\n<li><a href=\"https:\/\/consnewyork.esteri.it\/it\/servizi-consolari-e-visti\/servizi-per-il-cittadino-italiano\/codice-fiscale\/\">Rilascio del Certificato di Attribuzione del Codice Fiscale<\/a><\/li>\n<\/ul>\n<p>Per ognuno di questi servizi, si rimanda <a href=\"https:\/\/consnewyork.esteri.it\/it\/servizi-consolari-e-visti\/servizi-per-il-cittadino-italiano\/\">alla pagina dedicata nel menu<\/a>\u00a0per le informazioni specifiche.<\/p>\n<p>Il pagamento delle percezioni consolari per i servizi sopra elencati avviene esclusivamente tramite money order. Per conoscere l&#8217;importo del money order si prega di consultare la <a href=\"https:\/\/consnewyork.esteri.it\/it\/servizi-consolari-e-visti\/servizi-per-il-cittadino-italiano\/tariffe-consolari\/\">sezione tariffe<\/a>.<\/p>\n<p><strong>Ufficio Assistenza<\/strong><\/p>\n<p>690 Park Avenue<br \/>\nNew York, NY 10065<\/p>\n<p>Email: <a href=\"mailto:assistenza.newyork@esteri.it\">assistenza.newyork@esteri.it <\/a><\/p>\n<p>N.B.: Per questioni relative al <strong>Codice fiscale<\/strong>,<br \/>\nsi prega di utilizzare ESCLUSIVAMENTE <a href=\"mailto:newyork.codicefiscale@esteri.it\">newyork.codicefiscale@esteri.it<\/a><\/p>\n<\/div>\n","protected":false},"excerpt":{"rendered":"L\u2019Ufficio Assistenza svolge le attivit\u00e0 qui indicate ed in particolare: Rilascio di passaporto mortuario per rimpatrio salme e ceneri. Conferma di validit\u00e0 e traduzione di patenti di guida italiane. Verifica Esistenza in vita per pensionati INPS. Dichiarazione di congruit\u00e0 di spese mediche sostenute nella circoscrizione del Consolato di New York e autorizzate dalle ASL di [&hellip;]","protected":false},"author":1,"featured_media":0,"parent":59,"menu_order":8,"comment_status":"closed","ping_status":"closed","template":"","meta":{"footnotes":""},"class_list":["post-87","page","type-page","status-publish","hentry"],"_links":{"self":[{"href":"https:\/\/consnewyork.esteri.it\/it\/wp-json\/wp\/v2\/pages\/87","targetHints":{"allow":["GET"]}}],"collection":[{"href":"https:\/\/consnewyork.esteri.it\/it\/wp-json\/wp\/v2\/pages"}],"about":[{"href":"https:\/\/consnewyork.esteri.it\/it\/wp-json\/wp\/v2\/types\/page"}],"author":[{"embeddable":true,"href":"https:\/\/consnewyork.esteri.it\/it\/wp-json\/wp\/v2\/users\/1"}],"replies":[{"embeddable":true,"href":"https:\/\/consnewyork.esteri.it\/it\/wp-json\/wp\/v2\/comments?post=87"}],"version-history":[{"count":1,"href":"https:\/\/consnewyork.esteri.it\/it\/wp-json\/wp\/v2\/pages\/87\/revisions"}],"predecessor-version":[{"id":4486,"href":"https:\/\/consnewyork.esteri.it\/it\/wp-json\/wp\/v2\/pages\/87\/revisions\/4486"}],"up":[{"embeddable":true,"href":"https:\/\/consnewyork.esteri.it\/it\/wp-json\/wp\/v2\/pages\/59"}],"wp:attachment":[{"href":"https:\/\/consnewyork.esteri.it\/it\/wp-json\/wp\/v2\/media?parent=87"}],"curies":[{"name":"wp","href":"https:\/\/api.w.org\/{rel}","templated":true}]}}