{"id":85,"date":"2023-04-03T19:28:49","date_gmt":"2023-04-03T17:28:49","guid":{"rendered":"https:\/\/consolatozurigo.esteri.it\/?page_id=85"},"modified":"2026-02-23T13:59:02","modified_gmt":"2026-02-23T18:59:02","slug":"anagrafe-degli-italiani-residenti-allestero-aire","status":"publish","type":"page","link":"https:\/\/consnewyork.esteri.it\/it\/servizi-consolari-e-visti\/servizi-per-il-cittadino-italiano\/anagrafe-degli-italiani-residenti-allestero-aire\/","title":{"rendered":"Anagrafe degli Italiani residenti all\u2019estero (AIRE)"},"content":{"rendered":"<p>Tutte le informazioni per iscriversi all&#8217;A.I.R.E attraverso il portale Fast It sono reperibili nel menu &#8220;Servizi Consolari&#8221; di questa sezione.<\/p>\n<p><strong>Cos\u2019\u00e8 l\u2019A.I.R.E.?<\/strong><\/p>\n<p>L\u2019Anagrafe degli Italiani Residenti all\u2019Estero (A.I.R.E.) \u00e8 stata istituita con l<a href=\"https:\/\/www.normattiva.it\/uri-res\/N2Ls?urn:nir:stato:legge:1988-10-27;470!vig=\">egge 27 ottobre 1988, n. 470<\/a>. Essa \u00e8 gestita dai Comuni sulla base dei dati e delle informazioni provenienti dalle Rappresentanze consolari all\u2019estero.<\/p>\n<p>L\u2019iscrizione all\u2019A.I.R.E. \u00e8 un obbligo del cittadino, \u00e8 <strong>GRATUITA<\/strong> e costituisce il presupposto per usufruire di una serie di servizi forniti ai connazionali, nonch\u00e9 per l\u2019esercizio di importanti diritti, quali per esempio:<\/p>\n<ul>\n<li>la possibilit\u00e0 di votare per elezioni politiche e referendum per corrispondenza nel Paese di residenza, e per l&#8217;elezione dei rappresentanti italiani al Parlamento Europeo nei seggi istituiti dalla rete diplomatico-consolare nei Paesi appartenenti all&#8217;U.E.;<\/li>\n<li>la possibilit\u00e0 di ottenere il rilascio o rinnovo di documenti di identit\u00e0 e di viaggio, nonch\u00e9 certificazioni;<\/li>\n<li>la possibilit\u00e0 di rinnovare la patente di guida.<\/li>\n<\/ul>\n<p><strong>Chi deve iscriversi all\u2019A.I.R.E.?<\/strong><\/p>\n<ul>\n<li>i cittadini che trasferiscono la propria residenza all\u2019estero per periodi superiori a 12 mesi;<\/li>\n<li>quelli che gi\u00e0 vi risiedono, sia perch\u00e9 nati all\u2019estero che per successivo acquisto della cittadinanza italiana a qualsiasi titolo.<\/li>\n<\/ul>\n<p><strong>Chi NON deve iscriversi all\u2019A.I.R.E.?<\/strong><\/p>\n<ul>\n<li>le persone che si recano all\u2019estero per un periodo di tempo inferiore a un anno;<\/li>\n<li>i lavoratori stagionali;<\/li>\n<li>i dirigenti scolastici, docenti e personale amministrativo della scuola collocati fuori ruolo ed inviati all\u2019estero nell\u2019ambito di attivit\u00e0 scolastiche fuori dal territorio nazionale;<\/li>\n<li>i dipendenti di ruolo dello Stato in servizio all\u2019estero, che siano notificati ai sensi delle Convenzioni di Vienna sulle relazioni diplomatiche e sulle relazioni consolari rispettivamente del 1961 e del 1963;<\/li>\n<li>il personale civile e militare in servizio presso gli uffici e le strutture della NATO dislocate all\u2019estero e i loro familiari conviventi che si recano all&#8217;estero al seguito dei medesimi;<\/li>\n<li>i dipendenti delle Regioni e delle Province autonome assegnati a prestare servizio presso gli uffici di collegamento delle medesime istituiti ai sensi dell&#8217;articolo 58 della Legge 6 febbraio 1996, n. 52;<\/li>\n<li>il personale civile e militare che fruisce dell&#8217;indennit\u00e0 di lungo servizio all&#8217;estero, prevista dall&#8217;articolo 1808 del codice dell&#8217;ordinamento militare, di cui al D. Lgs. 15 marzo 2010, n. 66.<\/li>\n<\/ul>\n<p><strong>L\u2019iscrizione \u00e8 facoltativa<\/strong> per per i connazionali che lavorano all\u2019estero per l\u2019Unione Europea o per le organizzazioni internazionali di cui l\u2019Italia \u00e8 parte o per i soggetti di cui all\u2019articolo 26 della Legge 11 agosto 2014, n. 125, e che conservano o stabiliscono il domicilio fiscale in Italia.<\/p>\n<p><strong>Cosa accade se non ci si iscrive all\u2019A.I.R.E.?<\/strong><\/p>\n<p>L\u2019iscrizione all\u2019A.I.R.E. \u00e8 effettuata a seguito di dichiarazione che l\u2019interessato deve rendere all\u2019Ufficio consolare competente per territorio entro 90 giorni dal trasferimento della residenza e comporta la contestuale cancellazione dall\u2019Anagrafe della Popolazione Residente (A.P.R.) del Comune di provenienza. \u00a0Chiunque, avendo obblighi anagrafici, contravviene alle disposizioni della Legge 24 dicembre 1954, n. 1228, della Legge 27 ottobre 1988, n. 470, e dei regolamenti di esecuzione delle predette leggi \u00e8 soggetto a sanzioni pecuniarie amministrative, cos\u00ec come previsto dalla Legge 30 dicembre 2023, n. 213. L\u2019Autorit\u00e0 competente all\u2019accertamento e all\u2019irrogazione della sanzione \u00e8 il Comune nella cui anagrafe \u00e8 iscritto il trasgressore.<\/p>\n<p>Il procedimento accertativo e sanzionatorio in capo ai Comuni \u00e8 disciplinato dalla L. 24 novembre 1981, n. 689, il cui art. 1 prevede che \u201cNessuno pu\u00f2 essere assoggettato a sanzioni amministrative se non in forza di una legge che sia entrata in vigore prima della commissione della violazione\u201d.<\/p>\n<p><strong>E\u2019 possibile cambiare il proprio Comune A.I.R.E.? <\/strong><\/p>\n<p>Si, \u00e8 possibile cambiare il Comune di iscrizione AIRE se i richiedenti hanno membri del proprio nucleo familiare (marito\/moglie e\/o figli) iscritti all\u2019AIRE o all\u2019Anagrafe della popolazione residente del nuovo Comune. Non sono ammesse altre motivazioni. Pertanto le richieste di cambiamento in base ad altri motivi (tipicamente, in seguito all\u2019acquisto di un immobile in Italia in un Comune diverso da quello di iscrizione) non vengono accettate dal Comune.<\/p>\n<p>I richiedenti devono inviare tramite a <a href=\"mailto:anagrafe.newyork@esteri.it\">anagrafe.newyork@esteri.it<\/a> \u00a0la seguente documentazione:<\/p>\n<ol>\n<li>una richiesta firmata e datata su carta libera, indirizzata al nuovo Comune, indicando i propri dati personali (nome, cognome, luogo e data di nascita) e le motivazioni per il cambiamento;<\/li>\n<li>una fotocopia di un documento d\u2019identit\u00e0 che riporta la firma del richiedente.<\/li>\n<\/ol>\n<p>Se l\u2019istanza sar\u00e0 accettata, il connazionale sar\u00e0 informato dal nuovo Comune di iscrizione.<\/p>\n<p>Per ulteriori risposte alle domande pi\u00f9 frequenti clicca <a href=\"https:\/\/consnewyork.esteri.it\/it\/servizi-consolari-e-visti\/servizi-per-il-cittadino-italiano\/anagrafe-degli-italiani-residenti-allestero-aire\/f-a-q\/\">qui<\/a>.<\/p>\n","protected":false},"excerpt":{"rendered":"Tutte le informazioni per iscriversi all&#8217;A.I.R.E attraverso il portale Fast It sono reperibili nel menu &#8220;Servizi Consolari&#8221; di questa sezione. Cos\u2019\u00e8 l\u2019A.I.R.E.? L\u2019Anagrafe degli Italiani Residenti all\u2019Estero (A.I.R.E.) \u00e8 stata istituita con legge 27 ottobre 1988, n. 470. Essa \u00e8 gestita dai Comuni sulla base dei dati e delle informazioni provenienti dalle Rappresentanze consolari all\u2019estero. [&hellip;]","protected":false},"author":1,"featured_media":0,"parent":59,"menu_order":4,"comment_status":"closed","ping_status":"closed","template":"","meta":{"footnotes":""},"class_list":["post-85","page","type-page","status-publish","hentry"],"_links":{"self":[{"href":"https:\/\/consnewyork.esteri.it\/it\/wp-json\/wp\/v2\/pages\/85","targetHints":{"allow":["GET"]}}],"collection":[{"href":"https:\/\/consnewyork.esteri.it\/it\/wp-json\/wp\/v2\/pages"}],"about":[{"href":"https:\/\/consnewyork.esteri.it\/it\/wp-json\/wp\/v2\/types\/page"}],"author":[{"embeddable":true,"href":"https:\/\/consnewyork.esteri.it\/it\/wp-json\/wp\/v2\/users\/1"}],"replies":[{"embeddable":true,"href":"https:\/\/consnewyork.esteri.it\/it\/wp-json\/wp\/v2\/comments?post=85"}],"version-history":[{"count":7,"href":"https:\/\/consnewyork.esteri.it\/it\/wp-json\/wp\/v2\/pages\/85\/revisions"}],"predecessor-version":[{"id":5125,"href":"https:\/\/consnewyork.esteri.it\/it\/wp-json\/wp\/v2\/pages\/85\/revisions\/5125"}],"up":[{"embeddable":true,"href":"https:\/\/consnewyork.esteri.it\/it\/wp-json\/wp\/v2\/pages\/59"}],"wp:attachment":[{"href":"https:\/\/consnewyork.esteri.it\/it\/wp-json\/wp\/v2\/media?parent=85"}],"curies":[{"name":"wp","href":"https:\/\/api.w.org\/{rel}","templated":true}]}}