{"id":827,"date":"2023-06-26T11:55:42","date_gmt":"2023-06-26T15:55:42","guid":{"rendered":"https:\/\/consnewyork.esteri.it\/?page_id=827"},"modified":"2026-02-02T09:37:11","modified_gmt":"2026-02-02T14:37:11","slug":"festivita-osservate","status":"publish","type":"page","link":"https:\/\/consnewyork.esteri.it\/it\/chi-siamo\/gli-uffici\/festivita-osservate\/","title":{"rendered":"Festivit\u00e0 osservate"},"content":{"rendered":"<article id=\"articolo_centro\" class=\"col-md-19 col-sm-19 padding_articolo item-page\" role=\"main\" aria-label=\"articolo\">\n<div>\n<p>Il Consolato Generale \u00e8 chiuso il sabato e la domenica.<\/p>\n<p>Sar\u00e0 inoltre chiuso per le seguenti <strong>festivit\u00e0 nel 2026<\/strong><\/p>\n<table class=\"table\" align=\"center\">\n<tbody>\n<tr>\n<td>gioved\u00ec<\/td>\n<td style=\"text-align: center;\">1<\/td>\n<td>gennaio<\/td>\n<td>Capodanno<\/td>\n<\/tr>\n<tr>\n<td>luned\u00ec<\/td>\n<td style=\"text-align: center;\">16<\/td>\n<td>febbraio<\/td>\n<td>Presidents&#8217; Day<\/td>\n<\/tr>\n<tr>\n<td>luned\u00ec<\/td>\n<td style=\"text-align: center;\">6<\/td>\n<td>aprile<\/td>\n<td>Luned\u00ec Dell\u2019Angelo<\/td>\n<\/tr>\n<tr>\n<td>luned\u00ec<\/td>\n<td style=\"text-align: center;\">25<\/td>\n<td>maggio<\/td>\n<td>Memorial Day<\/td>\n<\/tr>\n<tr>\n<td>marted\u00ec<\/td>\n<td style=\"text-align: center;\">2<\/td>\n<td>giugno<\/td>\n<td>Festa Della Repubblica<\/td>\n<\/tr>\n<tr>\n<td>sabato<\/td>\n<td style=\"text-align: center;\">4<\/td>\n<td>luglio<\/td>\n<td>Independence Day<\/td>\n<\/tr>\n<tr>\n<td>luned\u00ec<\/td>\n<td style=\"text-align: center;\">7<\/td>\n<td>settembre<\/td>\n<td>Labor Day<\/td>\n<\/tr>\n<tr>\n<td>luned\u00ec<\/td>\n<td style=\"text-align: center;\">12<\/td>\n<td>ottobre<\/td>\n<td>Columbus Day<\/td>\n<\/tr>\n<tr>\n<td>gioved\u00ec<\/td>\n<td style=\"text-align: center;\">26<\/td>\n<td>novembre<\/td>\n<td>Thanksgiving Day<\/td>\n<\/tr>\n<tr>\n<td>venerd\u00ec<\/td>\n<td style=\"text-align: center;\">25<\/td>\n<td>dicembre<\/td>\n<td>Natale<\/td>\n<\/tr>\n<tr>\n<td>sabato<\/td>\n<td style=\"text-align: center;\">26<\/td>\n<td>dicembre<\/td>\n<td>Santo Stefano<\/td>\n<\/tr>\n<\/tbody>\n<\/table>\n<\/div>\n<div class=\"row\"><\/div>\n<p>&nbsp;<\/p>\n<\/article>\n","protected":false},"excerpt":{"rendered":"Il Consolato Generale \u00e8 chiuso il sabato e la domenica. Sar\u00e0 inoltre chiuso per le seguenti festivit\u00e0 nel 2026 gioved\u00ec 1 gennaio Capodanno luned\u00ec 16 febbraio Presidents&#8217; Day luned\u00ec 6 aprile Luned\u00ec Dell\u2019Angelo luned\u00ec 25 maggio Memorial Day marted\u00ec 2 giugno Festa Della Repubblica sabato 4 luglio Independence Day luned\u00ec 7 settembre Labor Day luned\u00ec [&hellip;]","protected":false},"author":3,"featured_media":0,"parent":36,"menu_order":0,"comment_status":"closed","ping_status":"closed","template":"","meta":{"footnotes":""},"class_list":["post-827","page","type-page","status-publish","hentry"],"_links":{"self":[{"href":"https:\/\/consnewyork.esteri.it\/it\/wp-json\/wp\/v2\/pages\/827","targetHints":{"allow":["GET"]}}],"collection":[{"href":"https:\/\/consnewyork.esteri.it\/it\/wp-json\/wp\/v2\/pages"}],"about":[{"href":"https:\/\/consnewyork.esteri.it\/it\/wp-json\/wp\/v2\/types\/page"}],"author":[{"embeddable":true,"href":"https:\/\/consnewyork.esteri.it\/it\/wp-json\/wp\/v2\/users\/3"}],"replies":[{"embeddable":true,"href":"https:\/\/consnewyork.esteri.it\/it\/wp-json\/wp\/v2\/comments?post=827"}],"version-history":[{"count":6,"href":"https:\/\/consnewyork.esteri.it\/it\/wp-json\/wp\/v2\/pages\/827\/revisions"}],"predecessor-version":[{"id":5041,"href":"https:\/\/consnewyork.esteri.it\/it\/wp-json\/wp\/v2\/pages\/827\/revisions\/5041"}],"up":[{"embeddable":true,"href":"https:\/\/consnewyork.esteri.it\/it\/wp-json\/wp\/v2\/pages\/36"}],"wp:attachment":[{"href":"https:\/\/consnewyork.esteri.it\/it\/wp-json\/wp\/v2\/media?parent=827"}],"curies":[{"name":"wp","href":"https:\/\/api.w.org\/{rel}","templated":true}]}}