{"id":67,"date":"2023-04-03T19:27:59","date_gmt":"2023-04-03T17:27:59","guid":{"rendered":"https:\/\/consolatozurigo.esteri.it\/?page_id=67"},"modified":"2026-01-22T16:09:56","modified_gmt":"2026-01-22T21:09:56","slug":"passaporti-e-carte-didentita","status":"publish","type":"page","link":"https:\/\/consnewyork.esteri.it\/it\/servizi-consolari-e-visti\/servizi-per-il-cittadino-italiano\/passaporti-e-carte-didentita\/","title":{"rendered":"Passaporti"},"content":{"rendered":"<p>La procedura per il rilascio del primo passaporto italiano o per la richiesta di un nuovo passaporto, in sostituzione del precedente, \u00e8 la stessa. I passaporti non possono essere rinnovati: alla data di scadenza bisogna richiedere un nuovo passaporto.<\/p>\n<p>Si raccomanda di leggere attentamente tutte le informazioni ai seguenti link sulle modalit\u00e0 per\u00a0<a href=\"https:\/\/prenotami.esteri.it\/\">fissare un appuntamento tramite il portale Prenot@mi<\/a>, i requisiti e i documenti da presentare il giorno dell\u2019appuntamento<\/p>\n<ul>\n<li><a href=\"https:\/\/consnewyork.esteri.it\/it\/servizi-consolari-e-visti\/servizi-per-il-cittadino-italiano\/passaporti-e-carte-didentita\/come-si-richiede-il-passaporto\/\">documenti da presentare per passaporto adulti<\/a><\/li>\n<li><a href=\"https:\/\/consnewyork.esteri.it\/it\/servizi-consolari-e-visti\/servizi-per-il-cittadino-italiano\/passaporti-e-carte-didentita\/come-si-richiede-il-passaporto-per-i-minori-di-18-anni\/\">documenti da presentare per passaporto minori<\/a><\/li>\n<\/ul>\n<p>Si ricorda che\u00a0<strong>la prenotazione dell\u2019appuntamento \u00e8 completamente gratuita<\/strong>.<\/p>\n<p>Prima di prenotare l\u2019appuntamento i connazionali devono verificare di essere iscritti all&#8217;<a href=\"https:\/\/consnewyork.esteri.it\/it\/servizi-consolari-e-visti\/servizi-per-il-cittadino-italiano\/anagrafe-degli-italiani-residenti-allestero-aire\/\">A.I.R.E.<\/a> e, se necessario, aggiornare i propri dati tramite il portale <a href=\"https:\/\/serviziconsolari.esteri.it\">Fast-IT<\/a>.<\/p>\n<p>Una volta prenotato l\u2019appuntamento, \u00e8 sempre necessario confermarlo, tra il decimo e il quarto giorno prima della data fissata, altrimenti l\u2019appuntamento sar\u00e0 automaticamente annullato.<\/p>\n<p>Nel caso non vi siano date disponibili, le verr\u00e0 proposto di inserirsi in lista d\u2019attesa. Il sistema le assegner\u00e0 la prima data disponibile che lei dovr\u00e0 accettare o rifiutare entro la data indicata nella email automatica che ricever\u00e0. Se accettato, l\u2019appuntamento dovr\u00e0 essere riconfermato una seconda volta 10 giorni prima sempre direttamente su <a href=\"https:\/\/prenotami.esteri.it\/\">Prenot@mi<\/a>.<\/p>\n<p>Il costo del passaporto\u00a0\u00e8 indicato a\u00a0<a href=\"https:\/\/consnewyork.esteri.it\/it\/servizi-consolari-e-visti\/servizi-per-il-cittadino-italiano\/tariffe-consolari\/\">questo link<\/a>.<\/p>\n<p>In caso di comprovata e indifferibile urgenza scrivere a\u00a0<a href=\"mailto:newyork.passaporti@esteri.it\">newyork.passaporti@esteri.it<\/a>.<\/p>\n<p><strong>I connazionali sopra i 75 anni possono prenotare\u00a0 l&#8217;appuntamento anche via mail, scrivendo a<\/strong>\u00a0<a href=\"mailto:newyork.passaporti@esteri.it\">newyork.passaporti@esteri.it<\/a> <strong>o chiamando il numero +1 (646) 897-0653 il mercoled\u00ec dalle 14.00 alle 15.00<\/strong>.<\/p>\n<p style=\"text-align: left;\">I connazionali che sono residenti in Bermuda, Connecticut, in limitate contee del New Jersey e Upstate New York possono rivolgersi anche ai Consolati Onorari. Si prega di verificare i contatti e le rispettive circoscrizioni di competenza al seguente link: <a href=\"https:\/\/consnewyork.esteri.it\/it\/chi-siamo\/la-rete-consolare\/\">https:\/\/consnewyork.esteri.it\/it\/chi-siamo\/la-rete-consolare\/<\/a><\/p>\n<p>Si pu\u00f2 richiedere il rilascio di un nuovo passaporto per i seguenti motivi:<\/p>\n<ul>\n<li>passaporto scaduto o in scadenza<strong> (non prima di 6 mesi dalla scadenza del precedente)<\/strong>;<\/li>\n<li>smarrimento;<\/li>\n<li>deterioramento;<\/li>\n<li>esaurimento pagine.<\/li>\n<\/ul>\n","protected":false},"excerpt":{"rendered":"La procedura per il rilascio del primo passaporto italiano o per la richiesta di un nuovo passaporto, in sostituzione del precedente, \u00e8 la stessa. I passaporti non possono essere rinnovati: alla data di scadenza bisogna richiedere un nuovo passaporto. Si raccomanda di leggere attentamente tutte le informazioni ai seguenti link sulle modalit\u00e0 per\u00a0fissare un appuntamento [&hellip;]","protected":false},"author":1,"featured_media":0,"parent":59,"menu_order":0,"comment_status":"closed","ping_status":"closed","template":"","meta":{"footnotes":""},"class_list":["post-67","page","type-page","status-publish","hentry"],"_links":{"self":[{"href":"https:\/\/consnewyork.esteri.it\/it\/wp-json\/wp\/v2\/pages\/67","targetHints":{"allow":["GET"]}}],"collection":[{"href":"https:\/\/consnewyork.esteri.it\/it\/wp-json\/wp\/v2\/pages"}],"about":[{"href":"https:\/\/consnewyork.esteri.it\/it\/wp-json\/wp\/v2\/types\/page"}],"author":[{"embeddable":true,"href":"https:\/\/consnewyork.esteri.it\/it\/wp-json\/wp\/v2\/users\/1"}],"replies":[{"embeddable":true,"href":"https:\/\/consnewyork.esteri.it\/it\/wp-json\/wp\/v2\/comments?post=67"}],"version-history":[{"count":6,"href":"https:\/\/consnewyork.esteri.it\/it\/wp-json\/wp\/v2\/pages\/67\/revisions"}],"predecessor-version":[{"id":5012,"href":"https:\/\/consnewyork.esteri.it\/it\/wp-json\/wp\/v2\/pages\/67\/revisions\/5012"}],"up":[{"embeddable":true,"href":"https:\/\/consnewyork.esteri.it\/it\/wp-json\/wp\/v2\/pages\/59"}],"wp:attachment":[{"href":"https:\/\/consnewyork.esteri.it\/it\/wp-json\/wp\/v2\/media?parent=67"}],"curies":[{"name":"wp","href":"https:\/\/api.w.org\/{rel}","templated":true}]}}