{"id":494,"date":"2023-05-18T16:00:34","date_gmt":"2023-05-18T20:00:34","guid":{"rendered":"https:\/\/consnewyork.esteri.it\/?page_id=494"},"modified":"2025-10-10T09:08:52","modified_gmt":"2025-10-10T13:08:52","slug":"dichiarazioni-di-valore","status":"publish","type":"page","link":"https:\/\/consnewyork.esteri.it\/it\/servizi-consolari-e-visti\/servizi-per-il-cittadino-italiano\/studi\/dichiarazioni-di-valore\/","title":{"rendered":"Dichiarazioni di valore"},"content":{"rendered":"<p><strong>A)<\/strong> Per richiedere una <strong>Dichiarazione di Valore per Titoli di Studio<\/strong>, \u00e8 necessario seguire la procedura di seguito descritta. Per informazioni pi\u00f9 dettagliate relative a ciascun titolo di studio si prega di consultare <a href=\"https:\/\/consnewyork.esteri.it\/wp-content\/uploads\/2025\/10\/Documento-titoli-di-studio-004.docx\">qui<\/a>.<\/p>\n<ol>\n<li>Essere in possesso degli originali o delle copie conformi di diploma e pagelle (transcript) dei titoli di studio conseguiti esclusivamente presso questa Circoscrizione Consolare (<a href=\"https:\/\/consnewyork.esteri.it\/it\/chi-siamo\/la-rete-consolare\/\">https:\/\/consnewyork.esteri.it\/it\/chi-siamo\/la-rete-consolare\/<\/a>).<\/li>\n<\/ol>\n<p style=\"padding-left: 40px;\">Le copie conformi dei diplomi e dei transcript devono essere firmate dal Principal o dal Registrar dell\u2019istituzione scolastica o accademica.<\/p>\n<p style=\"padding-left: 40px;\">La firma del Principal o del Registrar deve essere successivamente autenticata da parte di un notary public, spesso presente presso l\u2019istituzione scolastica\/accademica. I documenti dovranno essere sempre muniti di Apostille (<a href=\"https:\/\/consnewyork.esteri.it\/it\/servizi-consolari-e-visti\/servizi-per-il-cittadino-italiano\/servizi-notarili\/apostille\/\">https:\/\/consnewyork.esteri.it\/it\/servizi-consolari-e-visti\/servizi-per-il-cittadino-italiano\/servizi-notarili\/apostille\/<\/a>) rilasciata dalle competenti autorit\u00e0 statunitensi.<\/p>\n<ol start=\"2\">\n<li>Essere in possesso delle traduzioni in lingua italiana del diploma e dei transcript.<\/li>\n<\/ol>\n<p style=\"padding-left: 40px;\">Le traduzioni, esclusivamente del diploma e dei transcript, possono essere svolte da parte del richiedente purch\u00e9 accurate e conformi al testo originale.\u00a0 Non \u00e8 richiesta la traduzione dell\u2019Apostille. Il titolo di studio non dovra\u2019 essere tradotto.<\/p>\n<p style=\"padding-left: 40px;\">Il Consolato Generale non offre servizi di traduzione. Gli interessati possono rivolgersi a traduttori professionisti (<a href=\"https:\/\/consnewyork.esteri.it\/it\/servizi-consolari-e-visti\/servizi-per-il-cittadino-italiano\/traduzione-e-legalizzazione-dei-documenti\/\">https:\/\/consnewyork.esteri.it\/it\/servizi-consolari-e-visti\/servizi-per-il-cittadino-italiano\/traduzione-e-legalizzazione-dei-documenti\/<\/a>).\u00a0 Gli interessati sono pregati di presentare traduzioni stampate su entrambe le facciate di un foglio.<\/p>\n<p style=\"padding-left: 40px;\">Verificare se la scuola\/universit\u00e0\/datore di lavoro richiedano la traduzione dei documenti per i quali si richiede la conformit\u00e0.<\/p>\n<ol start=\"3\">\n<li>Compilare la domanda di rilascio di <a href=\"https:\/\/consnewyork.esteri.it\/wp-content\/uploads\/2025\/10\/domanda_dichiarazione_dichiarazione_di_valore-modifica-004.doc\">Dichiarazione Valore<\/a>\n<ol type=\"a\">\n<li>Per i cittadini italiani, UE e stranieri regolarmente soggiornanti in Italia l\u2019istanza pu\u00f2 essere sottoscritta o presentata tramite delega, allegando copia non autenticata di un documento di identit\u00e0. In questi casi non \u00e8 richiesta l\u2019autentica della firma.<\/li>\n<li>Per i cittadini stranieri non regolarmente soggiornanti in Italia e non appartenenti all\u2019Unione Europea l\u2019autentica della firma \u00e8 un adempimento obbligatorio. La firma pu\u00f2 essere autenticata da un notary public. Si precisa che la firma autenticata dovr\u00e0 essere sottoposta a legalizzazione con Apostille.<\/li>\n<li>Agli Stranieri non UE residenti in altro Paese UE si applicano le stesse regole previste per gli stranieri non regolarmente soggiornanti in Italia: la firma deve essere autenticata dalla Rappresentanza diplomatica o consolare italiana competente o da un notaio locale, con successiva legalizzazione con Apostille.<\/li>\n<\/ol>\n<\/li>\n<\/ol>\n<p style=\"padding-left: 80px;\">Nella domanda, va specificato il nome completo dell\u2019istituzione scolastica o accademica e presso quale ente la stessa sia accreditata (ad esempio: Middle States Commission on Higher Education MSCHE, Council for Higher Education Accreditation CHEA).<\/p>\n<ol start=\"4\">\n<li>Allegare una copia del proprio passaporto in corso di validit\u00e0.<\/li>\n<li>Spedire la documentazione al seguente indirizzo:<\/li>\n<\/ol>\n<p style=\"padding-left: 80px;\">Consulate General of Italy<br \/>\n690 Park Avenue 10065 New York (NY)<br \/>\nAttn Ufficio Notarile e Studenti<\/p>\n<p style=\"padding-left: 40px;\">\u00c8 necessario includere una busta preaffrancata per la restituzione della dichiarazione di valore con allegati i documenti in originale.<br \/>\nNella busta preaffrancata mittente e destinatario devono coincidere.<\/p>\n<ol start=\"6\">\n<li>La dichiarazione di valore viene rilasciata a titolo gratuito esclusivamente nel caso in cui venga presentata prova di ammissione ad un corso di studi universitari in Italia.<\/li>\n<\/ol>\n<p style=\"padding-left: 40px;\">In tutti gli altri casi, le tariffe consolari (<a href=\"https:\/\/consnewyork.esteri.it\/it\/servizi-consolari-e-visti\/servizi-per-il-cittadino-italiano\/tariffe-consolari\/\">https:\/\/consnewyork.esteri.it\/it\/servizi-consolari-e-visti\/servizi-per-il-cittadino-italiano\/tariffe-consolari\/<\/a>) previste sono indicate dagli articoli 66N (dichiarazione consolare) e 72A (conformit\u00e0 di traduzione ENG &gt; ITA) da applicarsi a foglio fronte e retro. Il pagamento dovr\u00e0 avvenire con money order (da richiedere presso banca o ufficio postale) intestato a Consulate General of Italy in New York, debitamente compilato con nome cognome e indirizzo del richiedente.<\/p>\n<p style=\"padding-left: 40px;\">Nel caso in cui l\u2019interessato si trovi all\u2019estero sar\u00e0 possibile procedere con un bonifico internazionale. Le coordinate bancarie verranno fornite via email.<\/p>\n<p style=\"padding-left: 40px;\">La Dichiarazione di Valore \u00e8 un documento di mera natura informativa. Il riconoscimento accademico (l\u2019equipollenza) dei titoli di studio esteri \u00e8 il provvedimento mediante il quale i singoli Atenei attribuiscono ad un titolo di studio conseguito all\u2019estero lo stesso valore legale di un titolo di studio presente nell\u2019ordinamento italiano. Viene rilasciata a specifiche condizioni esclusivamente dagli Atenei italiani ai quali si deve inoltrare domanda.<\/p>\n<p style=\"padding-left: 40px;\">Per ulteriori informazioni, gli interessati possono l\u2019Ufficio Notarile e Studenti a <a href=\"mailto:newyork.dichiarazionedivalore@esteri.it\">newyork.dichiarazionedivalore@esteri.it<\/a><\/p>\n<p><strong>B)<\/strong> Per richiedere una <strong>Dichiarazione di Valore per Titoli professionali<\/strong>, gli interessati sono invitati a contattare l\u2019Ufficio Notarile e Studenti a <a href=\"mailto:dichiarazionedivalore.newyork@esteri.it\">dichiarazionedivalore.newyork@esteri.it<\/a><\/p>\n<p>La dichiarazione di valore per titoli professionali prevede sempre l\u2019applicazione delle tariffe consolari (<a href=\"https:\/\/consnewyork.esteri.it\/it\/servizi-consolari-e-visti\/servizi-per-il-cittadino-italiano\/tariffe-consolari\/\">https:\/\/consnewyork.esteri.it\/it\/servizi-consolari-e-visti\/servizi-per-il-cittadino-italiano\/tariffe-consolari\/<\/a>) indicate dagli articoli 66N (dichiarazione consolare) e 72A (conformit\u00e0 di traduzione ENG &gt; ITA) da applicarsi a foglio fronte e retro.<\/p>\n<p>Il pagamento dovr\u00e0 avvenire con money order (da richiedere presso banca o ufficio postale) intestato a Consulate General of Italy in New York, debitamente compilato con nome cognome e indirizzo del richiedente.<\/p>\n<p>Nel caso in cui l\u2019interessato si trovi all\u2019estero sar\u00e0 possibile procedere con un bonifico internazionale. Le coordinate bancarie verranno fornite via email.<\/p>\n<p>Nel caso in cui le traduzioni siano state svolte da parte di un traduttore giurato presso un Tribunale italiano non sar\u00e0 necessario corrispondere l\u2019art. 72A. In questo caso le traduzioni dovranno essere presentate in originale con relativi timbri del Tribunale competente.<\/p>\n","protected":false},"excerpt":{"rendered":"A) Per richiedere una Dichiarazione di Valore per Titoli di Studio, \u00e8 necessario seguire la procedura di seguito descritta. Per informazioni pi\u00f9 dettagliate relative a ciascun titolo di studio si prega di consultare qui. Essere in possesso degli originali o delle copie conformi di diploma e pagelle (transcript) dei titoli di studio conseguiti esclusivamente presso [&hellip;]","protected":false},"author":3,"featured_media":0,"parent":487,"menu_order":6,"comment_status":"closed","ping_status":"closed","template":"","meta":{"footnotes":""},"class_list":["post-494","page","type-page","status-publish","hentry"],"_links":{"self":[{"href":"https:\/\/consnewyork.esteri.it\/it\/wp-json\/wp\/v2\/pages\/494","targetHints":{"allow":["GET"]}}],"collection":[{"href":"https:\/\/consnewyork.esteri.it\/it\/wp-json\/wp\/v2\/pages"}],"about":[{"href":"https:\/\/consnewyork.esteri.it\/it\/wp-json\/wp\/v2\/types\/page"}],"author":[{"embeddable":true,"href":"https:\/\/consnewyork.esteri.it\/it\/wp-json\/wp\/v2\/users\/3"}],"replies":[{"embeddable":true,"href":"https:\/\/consnewyork.esteri.it\/it\/wp-json\/wp\/v2\/comments?post=494"}],"version-history":[{"count":5,"href":"https:\/\/consnewyork.esteri.it\/it\/wp-json\/wp\/v2\/pages\/494\/revisions"}],"predecessor-version":[{"id":4670,"href":"https:\/\/consnewyork.esteri.it\/it\/wp-json\/wp\/v2\/pages\/494\/revisions\/4670"}],"up":[{"embeddable":true,"href":"https:\/\/consnewyork.esteri.it\/it\/wp-json\/wp\/v2\/pages\/487"}],"wp:attachment":[{"href":"https:\/\/consnewyork.esteri.it\/it\/wp-json\/wp\/v2\/media?parent=494"}],"curies":[{"name":"wp","href":"https:\/\/api.w.org\/{rel}","templated":true}]}}