{"id":477,"date":"2023-05-18T15:08:54","date_gmt":"2023-05-18T19:08:54","guid":{"rendered":"https:\/\/consnewyork.esteri.it\/?page_id=477"},"modified":"2024-12-11T10:31:58","modified_gmt":"2024-12-11T15:31:58","slug":"divorzio","status":"publish","type":"page","link":"https:\/\/consnewyork.esteri.it\/it\/servizi-consolari-e-visti\/servizi-per-il-cittadino-italiano\/stato-civile\/divorzio\/","title":{"rendered":"Divorzio"},"content":{"rendered":"<div>\n<p><strong>Sentenze di divorzio<\/strong><\/p>\n<p><strong>Registrazione in Italia di una sentenza di divorzio pronunciata all\u2019estero<\/strong><\/p>\n<p>Un divorzio avvenuto all\u2019estero diviene efficace in Italia solo dopo essere stato trascritto nei registri di stato civile del competente Comune.<\/p>\n<p>Per essere trascritto, il divorzio avvenuto all\u2019estero deve rispettare determinati requisiti richiesti dalla normativa Italiana.<\/p>\n<p>Le sentenze di divorzio dei tribunali USA presentano in genere le caratteristiche richieste dalla legge italiana e vengono di norma trascritte. Tuttavia la decisione finale sulla trascrizione spetta all\u2019ufficiale di stato civile del Comune.<\/p>\n<p>Per i matrimoni celebrati in Italia la sentenza di divorzio viene trascritta dallo stesso Comune ove \u00e8 avvenuto il matrimonio. Per i matrimoni celebrati all\u2019estero il divorzio viene trascritto dai Comuni dove \u00e8 avvenuta la trascrizione del matrimonio.<\/p>\n<p>Requisito fondamentale per poter chiedere la trascrizione del divorzio \u00e8 dunque che il matrimonio cui si riferisce, se non celebrato in Italia, sia stato comunque trascritto. Se il certificato di matrimonio non \u00e8 mai stato presentato per la trascrizione \u00e8 necessario quindi presentare anche la documentazione relativa, predisposta come indicato nella <a href=\"\/it\/servizi-consolari-e-visti\/servizi-per-il-cittadino-italiano\/stato-civile\/matrimonio\/\">sezione del sito dedicata alla registrazione dei certificati di matrimonio<\/a>.<\/p>\n<p><strong>Documenti da presentare:<\/strong><\/p>\n<ol>\n<li>Richiesta di trascrizione (<a href=\"\/wp-content\/uploads\/2023\/06\/modulo_richiesta_trascrizione_divorzio.docx\">Modulo Richiesta trascrizione divorzio<\/a>);<\/li>\n<li>Sentenza di divorzio in formato integrale (Judgement of Divorce), rilasciata in copia autentica dal Tribunale competente, legalizzata con Apostille dello Stato ove ha sede il Tribunale;<\/li>\n<li>Certificato attestante il passaggio in giudicato della sentenza (Certificate of No Appeal), rilasciato in originale dal Tribunale competente e legalizzato con Apostille.Il certificato di passato in giudicato viene rilasciato in una grande variet\u00e0 di formati, a seconda dello Stato e della Contea ove \u00e8 avvenuto il divorzio. Il nome stesso varia: \u201cLetter of No Appeal\u201d, \u201cCertificate of Disposition\u201d, \u201cClerk Certificate\u201d e cos\u00ec via. L\u2019importante \u00e8 che nel testo sia contenuta l\u2019indicazione che non vi sono stati appelli e che quindi la sentenza \u00e8 definitiva.<\/li>\n<li>Traduzione giurata in italiano di entrambi i documenti (Judgement of Divorce e Certificate of No Appeal) effettuata da un traduttore professionista (<a href=\"\/it\/servizi-consolari-e-visti\/servizi-per-il-cittadino-italiano\/traduzione-e-legalizzazione-dei-documenti\/\">lista dei traduttori<\/a>) che rilasci il certificato bilingue di conformit\u00e0 della traduzione (certificate of accuracy);<\/li>\n<li>Fotocopia del passaporto in corso di validit\u00e0, preferibilmente italiano, di chi ha firmato la richiesta di trascrizione (solo le pagine con la foto, i dati e la firma del titolare).<\/li>\n<\/ol>\n<p>IMPORTANTE: in caso di divorzi avvenuti all\u2019estero in Paesi diversi dagli Stati Uniti d\u2019America, il connazionale dovra\u2019 provvedere alla legalizzazione e alla traduzione in italiano delle sentenze di divorzio, seguendo le indicazioni fornite dalla Rappresentanza diplomatica o consolare italiana competente territorialmente per quel Paese.<\/p>\n<p><strong>Procedura per la consegna al Consolato:<br \/>\n<\/strong>Una volta completata, la documentazione puo\u2019 essere inserita in una busta e spedita per posta, al seguente indirizzo: Consolato Generale d\u2019Italia, Ufficio Stato Civile, 690 Park Avenue, New York, NY 10065, oppure consegnata personalmente, durante l\u2019orario di apertura al pubblico, presso la dropbox posizionata all\u2019ingresso del Consolato.<br \/>\nA causa del volume delle richieste, l\u2019ufficio non \u00e8 in grado di dare conferma di ricezione dei documenti. Chi ne abbia necessit\u00e0 \u00e8 pregato di ricorrere a spedizioni postali dotate di \u201cTracking Number\u201d o di servizio ricevuta di avvenuta consegna.<\/p>\n<\/div>\n","protected":false},"excerpt":{"rendered":"Sentenze di divorzio Registrazione in Italia di una sentenza di divorzio pronunciata all\u2019estero Un divorzio avvenuto all\u2019estero diviene efficace in Italia solo dopo essere stato trascritto nei registri di stato civile del competente Comune. Per essere trascritto, il divorzio avvenuto all\u2019estero deve rispettare determinati requisiti richiesti dalla normativa Italiana. Le sentenze di divorzio dei tribunali [&hellip;]","protected":false},"author":3,"featured_media":0,"parent":86,"menu_order":4,"comment_status":"closed","ping_status":"closed","template":"","meta":{"footnotes":""},"class_list":["post-477","page","type-page","status-publish","hentry"],"_links":{"self":[{"href":"https:\/\/consnewyork.esteri.it\/it\/wp-json\/wp\/v2\/pages\/477","targetHints":{"allow":["GET"]}}],"collection":[{"href":"https:\/\/consnewyork.esteri.it\/it\/wp-json\/wp\/v2\/pages"}],"about":[{"href":"https:\/\/consnewyork.esteri.it\/it\/wp-json\/wp\/v2\/types\/page"}],"author":[{"embeddable":true,"href":"https:\/\/consnewyork.esteri.it\/it\/wp-json\/wp\/v2\/users\/3"}],"replies":[{"embeddable":true,"href":"https:\/\/consnewyork.esteri.it\/it\/wp-json\/wp\/v2\/comments?post=477"}],"version-history":[{"count":1,"href":"https:\/\/consnewyork.esteri.it\/it\/wp-json\/wp\/v2\/pages\/477\/revisions"}],"predecessor-version":[{"id":3224,"href":"https:\/\/consnewyork.esteri.it\/it\/wp-json\/wp\/v2\/pages\/477\/revisions\/3224"}],"up":[{"embeddable":true,"href":"https:\/\/consnewyork.esteri.it\/it\/wp-json\/wp\/v2\/pages\/86"}],"wp:attachment":[{"href":"https:\/\/consnewyork.esteri.it\/it\/wp-json\/wp\/v2\/media?parent=477"}],"curies":[{"name":"wp","href":"https:\/\/api.w.org\/{rel}","templated":true}]}}