{"id":475,"date":"2023-05-18T15:08:13","date_gmt":"2023-05-18T19:08:13","guid":{"rendered":"https:\/\/consnewyork.esteri.it\/?page_id=475"},"modified":"2025-06-20T14:23:50","modified_gmt":"2025-06-20T18:23:50","slug":"morte","status":"publish","type":"page","link":"https:\/\/consnewyork.esteri.it\/it\/servizi-consolari-e-visti\/servizi-per-il-cittadino-italiano\/stato-civile\/morte\/","title":{"rendered":"Morte"},"content":{"rendered":"<div>\n<p><strong>Registrazione atto di morte<\/strong><\/p>\n<p>Il certificato di morte di un cittadino italiano, anche di colui\/colei che \u00e8 nato\/a in Italia e si \u00e8 poi naturalizzato\/a, deve essere sempre trascritto in Italia presso il Comune di ultima residenza.<\/p>\n<p>Tutte le pratiche amministrative e legali che fanno seguito ad un decesso, quali ad esempio la dichiarazione di successione, le variazioni catastali, la riscossione di somme depositate in conti bancari o postali, la richiesta di ratei di pensione e cos\u00ec via, possono essere avviate solo a seguito dell\u2019avvenuta trascrizione del decesso.<\/p>\n<p>Questo Consolato Generale trasmette i certificati di morte dei cittadini italiani anche non residenti, qualora il decesso sia avvenuto nel territorio di competenza di questa Sede.<\/p>\n<p><strong>Documentazione da presentare:<\/strong><\/p>\n<ol>\n<li><a href=\"https:\/\/consnewyork.esteri.it\/wp-content\/uploads\/2025\/06\/Morte_Modello_Richiesta_Trascrizione-2.doc\">Modulo di domanda di trascrizione<\/a>, da scaricare da questo sito, compilare, datare e firmare a cura di un familiare interessato (italiano o straniero).<\/li>\n<li>Certificato in originale munito di Apostille (o di legalizzazione, per i Paesi non aderenti alla Convenzione dell&#8217;Aja sull\u2019Apostille). I certificati USA dovranno essere sempre nel formato esteso (cosiddetto Long Form o Extended Form), secondo le modalit\u00e0 con cui tali certificati vengono rilasciati nei singoli Stati.<\/li>\n<li>Traduzione in italiano del certificato, dattiloscritta, completa, fedele all\u2019originale, con le date indicate nel formato giorno\/mese\/anno. Sul sito di questo Consolato \u00e8 disponibile un <a href=\"\/it\/servizi-consolari-e-visti\/servizi-per-il-cittadino-straniero\/traduzione-e-legalizzazione-dei-documenti\/\">elenco di traduttori<\/a>.<\/li>\n<li>Copia del passaporto valido del richiedente la trascrizione (solo la pagina con la foto, i dati e la firma).<\/li>\n<li>Fotocopia del passaporto italiano (anche se scaduto) del defunto e, se disponibile, fotocopia del certificato di nascita italiano. Altrimenti fotocopia del passaporto straniero. Se ex cittadino italiano si prega di includere anche, ove disponibile, fotocopia del certificato di naturalizzazione statunitense.<\/li>\n<\/ol>\n<p><strong>Dove richiedere il certificato di morte:<\/strong><\/p>\n<p>Le autorit\u00e0 locali che rilasciano gli atti di morte sono le stesse che rilasciano gli atti di nascita. Per informazioni sugli uffici che rilasciano la documentazione necessaria, occorrer\u00e0 quindi fare riferimento al paragrafo relativo alla registrazione degli <strong><a href=\"\/it\/servizi-consolari-e-visti\/servizi-per-il-cittadino-italiano\/stato-civile\/nascita\/\">ATTI DI NASCITA<\/a><\/strong>.<\/p>\n<p><strong>Procedura per la consegna:<\/strong><\/p>\n<p>Una volta completata, la documentazione puo\u2019 essere inserita in una busta e spedita per posta, al seguente indirizzo: <em>Consolato Generale d\u2019Italia, Ufficio Stato Civile, 690 Park Avenue, New York, NY 10065<\/em>, oppure consegnata personalmente, durante l\u2019orario di apertura al pubblico, presso la dropbox posizionata all\u2019ingresso del Consolato.<\/p>\n<p>A causa del volume delle richieste l\u2019ufficio non \u00e8 in grado di dare conferma di ricezione dei documenti. Chi ne abbia necessit\u00e0 \u00e8 pregato di ricorrere a spedizioni postali dotate di \u201cTracking Number\u201d o di servizio ricevuta di avvenuta consegna.<\/p>\n<p>Per i certificati non formati nella circoscrizione consolare del Consolato Generale d\u2019Italia in New York si raccomanda di verificare sempre la correttezza della documentazione con il Consolato italiano competente per territorio.<\/p>\n<p>Per la verifica della trascrizione si prega di contattare direttamente il Comune competente.<\/p>\n<\/div>\n","protected":false},"excerpt":{"rendered":"Registrazione atto di morte Il certificato di morte di un cittadino italiano, anche di colui\/colei che \u00e8 nato\/a in Italia e si \u00e8 poi naturalizzato\/a, deve essere sempre trascritto in Italia presso il Comune di ultima residenza. Tutte le pratiche amministrative e legali che fanno seguito ad un decesso, quali ad esempio la dichiarazione di [&hellip;]","protected":false},"author":3,"featured_media":0,"parent":86,"menu_order":6,"comment_status":"closed","ping_status":"closed","template":"","meta":{"footnotes":""},"class_list":["post-475","page","type-page","status-publish","hentry"],"_links":{"self":[{"href":"https:\/\/consnewyork.esteri.it\/it\/wp-json\/wp\/v2\/pages\/475","targetHints":{"allow":["GET"]}}],"collection":[{"href":"https:\/\/consnewyork.esteri.it\/it\/wp-json\/wp\/v2\/pages"}],"about":[{"href":"https:\/\/consnewyork.esteri.it\/it\/wp-json\/wp\/v2\/types\/page"}],"author":[{"embeddable":true,"href":"https:\/\/consnewyork.esteri.it\/it\/wp-json\/wp\/v2\/users\/3"}],"replies":[{"embeddable":true,"href":"https:\/\/consnewyork.esteri.it\/it\/wp-json\/wp\/v2\/comments?post=475"}],"version-history":[{"count":3,"href":"https:\/\/consnewyork.esteri.it\/it\/wp-json\/wp\/v2\/pages\/475\/revisions"}],"predecessor-version":[{"id":4200,"href":"https:\/\/consnewyork.esteri.it\/it\/wp-json\/wp\/v2\/pages\/475\/revisions\/4200"}],"up":[{"embeddable":true,"href":"https:\/\/consnewyork.esteri.it\/it\/wp-json\/wp\/v2\/pages\/86"}],"wp:attachment":[{"href":"https:\/\/consnewyork.esteri.it\/it\/wp-json\/wp\/v2\/media?parent=475"}],"curies":[{"name":"wp","href":"https:\/\/api.w.org\/{rel}","templated":true}]}}