{"id":454,"date":"2023-05-18T14:36:20","date_gmt":"2023-05-18T18:36:20","guid":{"rendered":"https:\/\/consnewyork.esteri.it\/?page_id=454"},"modified":"2025-06-27T11:14:20","modified_gmt":"2025-06-27T15:14:20","slug":"riacquisto-della-cittadinanza-italiana-per-residenza","status":"publish","type":"page","link":"https:\/\/consnewyork.esteri.it\/it\/servizi-consolari-e-visti\/servizi-per-il-cittadino-straniero\/cittadinanza\/riacquisto-della-cittadinanza-italiana\/riacquisto-della-cittadinanza-italiana-per-residenza\/","title":{"rendered":"Riacquisto della cittadinanza italiana per residenza ex art. 13 Legge 91 del 1992"},"content":{"rendered":"<div>\n<p>Coloro che hanno perso la cittadinanza italiana possono riacquistarla:<\/p>\n<ol>\n<li>se dichiarano di volerla riacquistare e hanno stabilito o stabiliscono, entro un anno dalla dichiarazione, la residenza in Italia (art. 13, co 1 lett. c della Legge 5 febbraio 1992, n. 91);<\/li>\n<li>dopo un anno dalla data in cui abbiano stabilito la residenza in Italia, salvo espressa rinuncia entro lo stesso termine (art. 13, co 1 lett. d della Legge 5 febbraio 1992, n. 91).<\/li>\n<\/ol>\n<p><strong>MODALIT\u00c0 DI PRESENTAZIONE DELLA DOMANDA DI RIACQUISTO E DOCUMENTAZIONE NECESSARIA<\/strong><\/p>\n<p>La dichiarazione della volont\u00e0 di riacquistare la cittadinanza italiana per residenza, secondo l\u2019art. 13 co 1 lett. c della Legge 91 del 1992, pu\u00f2 essere resa direttamente presso il Comune ove si \u00e8 stabilita la residenza o pu\u00f2 essere resa in Consolato, prima di trasferire la residenza in Italia.<\/p>\n<p>In quest\u2019ultimo caso, il richiedente dovr\u00e0 fissare un appuntamento con l\u2019ufficio cittadinanza di questo Consolato Generale inviando una email a\u00a0<a href=\"mailto:newyork.cittadinanza@esteri.it\">newyork.cittadinanza@esteri.it<\/a>, allegando la documentazione, in formato PDF, sotto riportata.<\/p>\n<ul>\n<li><a href=\"https:\/\/consnewyork.esteri.it\/wp-content\/uploads\/2025\/06\/Modello_Richiesta_Art.-13.pdf\">formulario<\/a>\u00a0debitamente compilato e firmato dall\u2019interessato;<\/li>\n<li>Prova di residenza in questa circoscrizione consolare (bolletta di utenza, patente di guida, carta d\u2019identit\u00e0 rilasciata dallo Stato di residenza, etc.);<\/li>\n<li>Estratto dell\u2019atto di nascita rilasciato, negli ultimi sei mesi, dal Comune in Italia dove la nascita \u00e8 avvenuta o \u00e8 stata registrata;<\/li>\n<li>Certificato di matrimonio e eventuale sentenza di divorzio se avvenuti all\u2019estero e non registrati in Italia (se avvenuti negli Stati Uniti, consultare la pagina di questo sito web relativa allo <a href=\"https:\/\/consnewyork.esteri.it\/it\/servizi-consolari-e-visti\/servizi-per-il-cittadino-italiano\/stato-civile\/\"><strong>stato civile<\/strong><\/a>);<\/li>\n<li>Copia (eventuale) del passaporto italiano;<\/li>\n<li>Certificato di naturalizzazione statunitense. Nel caso in cui la naturalizzazione sia avvenuta durante la minore et\u00e0 dell\u2019interessato, sar\u00e0 necessario produrre anche certificato di nascita e certificato di naturalizzazione o carta verde dei genitori;<\/li>\n<li>passaporto statunitense o altro valido documento di identit\u00e0;<\/li>\n<\/ul>\n<p><strong>Solo se la documentazione \u00e8 corretta e completa, l\u2019ufficio cittadinanza comunicher\u00e0 un appuntamento all\u2019interessato per rendere la dichiarazione di riacquisto, ai sensi dell\u2019art. 13 , co 1, lett. c della Legge 91\/1992.<\/strong><\/p>\n<p>Il giorno dell\u2019appuntamento, il richiedente dovr\u00e0 presentare la documentazione originale, una copia della stessa e ricevuta del versamento di \u20ac 250 al Ministero dell\u2019Interno, secondo le modalit\u00e0 sotto indicate<\/p>\n<p>BENEFICIARIO: \u201cMINISTERO DELL\u2019 INTERNO D.L.C.I. \u2013 CITTADINANZA\u201d Piazzale del Viminale, 00184 ROMA (ITALIA)<br \/>\nCODICE IBAN: IT54D0760103200000000809020<br \/>\nSWIFT CODE: BPPIITRRXXX<br \/>\nEUROGIRO: PIBPITRA<br \/>\nCAUSALE DEL VERSAMENTO: (Nome e Cognome Istanza di riacquisto cittadinanza).<\/p>\n<p>Il mancato trasferimento, entro un anno dalla dichiarazione, della residenza in Italia, comporta l\u2019inefficacia della dichiarazione resa in Consolato.<\/p>\n<p>\u00c8\u00a0onere dell\u2019interessato verificare con le autorit\u00e0 in Italia i requisiti per il regolare soggiorno sul territorio italiano e per l\u2019iscrizione all\u2019anagrafe della popolazione residente.<\/p>\n<\/div>\n","protected":false},"excerpt":{"rendered":"Coloro che hanno perso la cittadinanza italiana possono riacquistarla: se dichiarano di volerla riacquistare e hanno stabilito o stabiliscono, entro un anno dalla dichiarazione, la residenza in Italia (art. 13, co 1 lett. c della Legge 5 febbraio 1992, n. 91); dopo un anno dalla data in cui abbiano stabilito la residenza in Italia, salvo [&hellip;]","protected":false},"author":3,"featured_media":0,"parent":4233,"menu_order":2,"comment_status":"closed","ping_status":"closed","template":"","meta":{"footnotes":""},"class_list":["post-454","page","type-page","status-publish","hentry"],"_links":{"self":[{"href":"https:\/\/consnewyork.esteri.it\/it\/wp-json\/wp\/v2\/pages\/454","targetHints":{"allow":["GET"]}}],"collection":[{"href":"https:\/\/consnewyork.esteri.it\/it\/wp-json\/wp\/v2\/pages"}],"about":[{"href":"https:\/\/consnewyork.esteri.it\/it\/wp-json\/wp\/v2\/types\/page"}],"author":[{"embeddable":true,"href":"https:\/\/consnewyork.esteri.it\/it\/wp-json\/wp\/v2\/users\/3"}],"replies":[{"embeddable":true,"href":"https:\/\/consnewyork.esteri.it\/it\/wp-json\/wp\/v2\/comments?post=454"}],"version-history":[{"count":4,"href":"https:\/\/consnewyork.esteri.it\/it\/wp-json\/wp\/v2\/pages\/454\/revisions"}],"predecessor-version":[{"id":4302,"href":"https:\/\/consnewyork.esteri.it\/it\/wp-json\/wp\/v2\/pages\/454\/revisions\/4302"}],"up":[{"embeddable":true,"href":"https:\/\/consnewyork.esteri.it\/it\/wp-json\/wp\/v2\/pages\/4233"}],"wp:attachment":[{"href":"https:\/\/consnewyork.esteri.it\/it\/wp-json\/wp\/v2\/media?parent=454"}],"curies":[{"name":"wp","href":"https:\/\/api.w.org\/{rel}","templated":true}]}}