{"id":4313,"date":"2025-06-27T11:29:11","date_gmt":"2025-06-27T15:29:11","guid":{"rendered":"https:\/\/consnewyork.esteri.it\/?page_id=4313"},"modified":"2026-03-11T16:43:58","modified_gmt":"2026-03-11T20:43:58","slug":"acquisto-della-cittadinanza-italiana-da-parte-dei-minori-nati-allestero","status":"publish","type":"page","link":"https:\/\/consnewyork.esteri.it\/it\/servizi-consolari-e-visti\/servizi-per-il-cittadino-straniero\/cittadinanza\/acquisto-della-cittadinanza-italiana-da-parte-dei-minori-nati-allestero\/","title":{"rendered":"Acquisto della cittadinanza italiana da parte dei minori nati all\u2019estero"},"content":{"rendered":"<p>I minorenni nati all\u2019estero da genitore cittadino italiano alla nascita che non trasmette automaticamente la cittadinanza (ossia i minori che non rientrano in una delle 3 fattispecie riportate nella pagina dello stato civile dedicata alla\u00a0<a href=\"https:\/\/consnewyork.esteri.it\/it\/servizi-consolari-e-visti\/servizi-per-il-cittadino-italiano\/stato-civile\/nascita\/\">Nascita<\/a>), possono\u00a0<strong>acquistare<\/strong>\u00a0la cittadinanza italiana per\u00a0<strong>beneficio di legge<\/strong>\u00a0nei seguenti casi:<\/p>\n<ul>\n<li>Se almeno uno dei genitori \u00e8 cittadino italiano per nascita (anche se in possesso di altra cittadinanza) ed entrambi i genitori presentano una\u00a0<strong>dichiarazione<\/strong>\u00a0di volont\u00e0 di\u00a0<strong>acquisto<\/strong>\u00a0della cittadinanza italiana\u00a0<strong>ENTRO TRE ANNI<\/strong> (termine modificato a seguito dell\u2019entrata in vigore della Legge di Bilancio per l\u2019anno 2026) dalla nascita del minore o dalla data successiva in cui \u00e8 stabilita la filiazione, anche adottiva, da cittadino italiano (Art. 4 comma 1 bis della legge n. 91\/1992);<\/li>\n<li>Se si tratta di minorenni alla data di entrata in vigore della Legge 74\/2025 di conversione del D.L. 36\/2025 (quindi minorenni al 24 maggio 2025), che siano figli di cittadini per nascita, riconosciuti sulla base di domanda amministrativa o giudiziale presentata entro le 23:59 (ora di Roma) del 27 marzo 2025 o sulla base di domanda presentata previo appuntamento comunicato entro la medesima data (lettere a, a-bis e b, articolo 3-bis, comma 1, della legge 5 febbraio 1992, n. 91), che presentano\u00a0<strong>dichiarazione<\/strong>\u00a0di volont\u00e0 di\u00a0<strong>acquisto<\/strong>\u00a0della cittadinanza italiana\u00a0<strong>entro il 31 maggio 2029 <\/strong>(art. 1 comma 1-ter Decreto-Legge 28 marzo 2025, n. 36, come convertito dalla Legge 74\/2025). Se l\u2019interessato, minorenne alla data del 24 maggio 2025, diviene nel frattempo maggiorenne, la dichiarazione dovr\u00e0 essere presentata da lui personalmente entro la medesima data.<\/li>\n<\/ul>\n<p>Le dichiarazioni di volont\u00e0 di acquisto della cittadinanza italiana dovranno essere rese in Consolato.<\/p>\n<p>Per prenotare un appuntamento per rendere la dichiarazione di volont\u00e0 di acquisto della cittadinanza italiana e chiedere la trascrizione dell\u2019atto di nascita del minore nelle ipotesi sopra indicate, sar\u00e0 necessario inviare una email a\u00a0<a href=\"mailto:cittadinanza.newyork@esteri.it\">cittadinanza.newyork@esteri.it<\/a>\u00a0ad oggetto \u201cDichiarazione di volont\u00e0 di acquisto della cittadinanza italiana\u201d allegando:<\/p>\n<ol>\n<li><a href=\"https:\/\/consnewyork.esteri.it\/wp-content\/uploads\/2025\/12\/Nascita_Modello_Richiesta_Trascrizione-versione-2.doc\">Modulo di domanda di trascrizione<\/a>, da scaricare da questo sito, compilare, datare e firmare a cura del genitore cittadino italiano iure sanguinis;<\/li>\n<li>Certificato di nascita munito di Apostille (o di legalizzazione, per i Paesi non aderenti alla Convenzione dell\u2019Aja sull\u2019Apostille). I certificati statunitensi dovranno essere sempre nel formato esteso (cosiddetto Long Form o Extended Form che riporta esatto luogo di nascita, data o et\u00e0 e luogo di nascita dei genitori), secondo le modalit\u00e0 con cui tali certificati vengono rilasciati nei singoli Stati.<\/li>\n<li>Traduzione in italiano del certificato di nascita, dattiloscritta, completa, fedele all\u2019originale, con le date indicate nel formato giorno\/mese\/anno. Sul sito di questo Consolato \u00e8 disponibile un\u00a0<a href=\"https:\/\/consnewyork.esteri.it\/it\/servizi-consolari-e-visti\/servizi-per-il-cittadino-straniero\/traduzione-e-legalizzazione-dei-documenti\/\">elenco di traduttori<\/a>;<\/li>\n<li>Copia dei passaporti in corso di validit\u00e0 dei genitori (solo la pagina con la foto, i dati e la firma) e di eventuale passaporto straniero del minore, se posseduto.<\/li>\n<li>Documentazione atta a dimostrare che uno dei genitori \u00e8 cittadino italiano per nascita (ad esempio conferma del riconoscimento della cittadinanza\u00a0<em>iure sanguinis<\/em>inviata al genitore interessato dal Consolato\/Ambasciata\/Comune).<\/li>\n<\/ol>\n<p>L\u2019Ufficio cittadinanza valuter\u00e0 la richiesta e comunicher\u00e0 un appuntamento SOLO se la suddetta documentazione, anticipata via email, \u00e8 corretta e completa.<\/p>\n<p>La Legge di Bilancio per l\u2019anno 2026 ha previsto la gratuit\u00e0 per tutte le dichiarazioni di volont\u00e0 di acquisto della cittadinanza italiana per beneficio di legge presentate dal 1\u00b0 gennaio 2026. Non \u00e8 previsto alcun rimborso per le istanze presentate prima di tale data.<\/p>\n<p>Il giorno dell\u2019appuntamento, il richiedente dovr\u00e0 presentare la documentazione originale.<\/p>\n<p>Inoltre, per le istanze presentate prima del 1\u00b0 gennaio 2026, il richiedente dovr\u00e0 altres\u00ec presentare la ricevuta del pagamento del contributo di 250 Euro effettuato a favore del Ministero dell\u2019Interno, per ciascun minorenne (articolo 9-bis della legge n. 91\/1992),con bonifico bancario, con eventuali spese a carico di chi dispone il bonifico:<br \/>\nBeneficiario: <strong>Ministero dell\u2019Interno D.L.C.I. Cittadinanza<\/strong><br \/>\nNome della Banca: <strong>Poste Italiane S.p.A.<\/strong><br \/>\nCodice IBAN: <strong>IT54D0760103200000000809020<\/strong><br \/>\nCausale del versamento: <strong>Acquisto cittadinanza a seguito di dichiarazione ex art. 9-bis L. 91\/1992 e nome e cognome del figlio\/a minore<\/strong><br \/>\nCodice BIC\/SWIFT di Poste Italiane: <strong>BPPIITRRXXX<\/strong> (per bonifici esteri)<\/p>\n<p>L\u2019acquisto della cittadinanza italiana, laddove ne ricorrano i presupposti, avr\u00e0 effetto dal giorno successivo alla dichiarazione.<\/p>\n<p><strong>Questa procedura non \u00e8 ammessa<\/strong>\u00a0per i figli di cittadini italiani che abbiano acquisito la cittadinanza tramite:<\/p>\n<ul>\n<li><strong>Naturalizzazione<\/strong>\u00a0(art. 9, Legge 91\/1992)<\/li>\n<li><strong>Acquisto per beneficio di legge<\/strong>\u00a0(art. 4, Legge 91\/1992)<\/li>\n<li><strong>Matrimonio<\/strong>\u00a0(art. 5, Legge 91\/1992 o art. 10, Legge 555\/1912)<\/li>\n<li><strong>Residenza da minorenni con genitore naturalizzato<\/strong>\u00a0(art. 14, Legge 91\/1992);<\/li>\n<li><strong>Legge 379\/2000<\/strong> \u201cDisposizioni per il riconoscimento della cittadinanza italiana alle persone nate e gi\u00e0 residenti nei<\/li>\n<\/ul>\n<p>territori appartenenti all\u2019Impero austro ungarico e ai loro discendenti\u201d<\/p>\n","protected":false},"excerpt":{"rendered":"I minorenni nati all\u2019estero da genitore cittadino italiano alla nascita che non trasmette automaticamente la cittadinanza (ossia i minori che non rientrano in una delle 3 fattispecie riportate nella pagina dello stato civile dedicata alla\u00a0Nascita), possono\u00a0acquistare\u00a0la cittadinanza italiana per\u00a0beneficio di legge\u00a0nei seguenti casi: Se almeno uno dei genitori \u00e8 cittadino italiano per nascita (anche se [&hellip;]","protected":false},"author":3,"featured_media":0,"parent":96,"menu_order":3,"comment_status":"closed","ping_status":"closed","template":"","meta":{"footnotes":""},"class_list":["post-4313","page","type-page","status-publish","hentry"],"_links":{"self":[{"href":"https:\/\/consnewyork.esteri.it\/it\/wp-json\/wp\/v2\/pages\/4313","targetHints":{"allow":["GET"]}}],"collection":[{"href":"https:\/\/consnewyork.esteri.it\/it\/wp-json\/wp\/v2\/pages"}],"about":[{"href":"https:\/\/consnewyork.esteri.it\/it\/wp-json\/wp\/v2\/types\/page"}],"author":[{"embeddable":true,"href":"https:\/\/consnewyork.esteri.it\/it\/wp-json\/wp\/v2\/users\/3"}],"replies":[{"embeddable":true,"href":"https:\/\/consnewyork.esteri.it\/it\/wp-json\/wp\/v2\/comments?post=4313"}],"version-history":[{"count":6,"href":"https:\/\/consnewyork.esteri.it\/it\/wp-json\/wp\/v2\/pages\/4313\/revisions"}],"predecessor-version":[{"id":5240,"href":"https:\/\/consnewyork.esteri.it\/it\/wp-json\/wp\/v2\/pages\/4313\/revisions\/5240"}],"up":[{"embeddable":true,"href":"https:\/\/consnewyork.esteri.it\/it\/wp-json\/wp\/v2\/pages\/96"}],"wp:attachment":[{"href":"https:\/\/consnewyork.esteri.it\/it\/wp-json\/wp\/v2\/media?parent=4313"}],"curies":[{"name":"wp","href":"https:\/\/api.w.org\/{rel}","templated":true}]}}