{"id":426,"date":"2023-05-18T12:57:20","date_gmt":"2023-05-18T16:57:20","guid":{"rendered":"https:\/\/consnewyork.esteri.it\/?page_id=426"},"modified":"2023-07-14T12:38:18","modified_gmt":"2023-07-14T16:38:18","slug":"protezione-consolare","status":"publish","type":"page","link":"https:\/\/consnewyork.esteri.it\/it\/servizi-consolari-e-visti\/servizi-per-il-cittadino-italiano\/assistenza-ai-cittadini-allestero\/protezione-consolare\/","title":{"rendered":"Protezione Consolare"},"content":{"rendered":"<p>Il Consolato Generale pu\u00f2 assistere i cittadini italiani che si trovano in situazioni d\u2019emergenza nell&#8217;ambito territoriale della sua circoscrizione, nel rispetto della legislazione locale e del diritto internazionale applicabile.<\/p>\n<p>La protezione consolare si applica quando le risorse degli interessati sono esaurite ed essi non hanno pi\u00f9 la possibilit\u00e0 di far fronte alle proprie esigenze n\u00e9 da soli, n\u00e9 con l\u2019aiuto di terzi (parenti, agenzia di viaggi, ecc).<\/p>\n<p>In alcuni casi, l\u2019assistenza offerta richiede tempo e, in talune circostanze, \u00e8 possibile solo entro determinati limiti.<\/p>\n<p>Il Consolato Generale non pu\u00f2:<\/p>\n<ul>\n<li>emettere documenti sostitutivi della patente di guida;<\/li>\n<li>pagare i debiti contratti con alberghi e ospedali, n\u00e9 pagare le multe;<\/li>\n<li>finanziare il seguito del soggiorno in caso di perdita di denaro;<\/li>\n<li>fornire anticipi per cauzioni e onorari d\u2019avvocato;<\/li>\n<li>inviare un funzionario consolare all\u2019aeroporto per prorogare la validit\u00e0 di un passaporto;<\/li>\n<li>agire in qualit\u00e0 di banca o di ufficio postale;<\/li>\n<li>indagare qualora sia stato commesso un delitto;<\/li>\n<li>intervenire a vostro favore in una procedura in corso davanti a un tribunale o dare istruzioni alle autorit\u00e0 locali;<\/li>\n<li>rappresentare un connazionale davanti a un tribunale;<\/li>\n<li>assumere le spese di trasporto in caso di morte.<\/li>\n<\/ul>\n<p>Servizi offerti dal Consolato Generale<\/p>\n<ul>\n<li><a href=\"https:\/\/consnewyork.esteri.it\/it\/servizi-consolari-e-visti\/servizi-per-il-cittadino-italiano\/assistenza-ai-cittadini-allestero\/protezione-consolare\/prestiti-con-promessa-di-restituzione\/\"><strong>Prestiti con promessa di restituzione<\/strong><\/a><\/li>\n<li><a href=\"https:\/\/consnewyork.esteri.it\/it\/servizi-consolari-e-visti\/servizi-per-il-cittadino-italiano\/assistenza-ai-cittadini-allestero\/protezione-consolare\/sussidi-per-connazionali-in-stato-di-indigenza\/\"><strong>Sussidi per connazionali in stato di indigenza<\/strong><\/a><\/li>\n<li><a href=\"https:\/\/consnewyork.esteri.it\/it\/servizi-consolari-e-visti\/servizi-per-il-cittadino-italiano\/assistenza-ai-cittadini-allestero\/protezione-consolare\/arresti-e-detenzioni\/\"><strong>Arresti e detenzioni<\/strong><\/a><\/li>\n<li><strong><strong><a href=\"https:\/\/consnewyork.esteri.it\/it\/servizi-consolari-e-visti\/servizi-per-il-cittadino-italiano\/assistenza-ai-cittadini-allestero\/protezione-consolare\/offerte-di-lavoro-fraudolente\/\">Offerte di lavoro fraudolente<\/a><\/strong><\/strong><\/li>\n<\/ul>\n<p><strong>Assistenza fornita da ONG italiane<\/strong><\/p>\n<p>Esistono a New York delle ONG (organizzazioni non governative) che hanno una decennale esperienza nell&#8217;assistenza dei nostri emigrati. I connazionali che ne avessero bisogno possono porre loro quesiti o chiedere la loro assistenza, spesso gratuita.<\/p>\n<p>Di seguito una lista delle ONG:<\/p>\n<p><strong>Catholic Immigration<br \/>\n<\/strong>1258, 65th Street, 3F<br \/>\nBrooklyn, NY 11219<br \/>\nTelefono: 718-236.3000<br \/>\nchiedere della Sig.ra Anna Pastore<\/p>\n<p><strong>Scalabrini Center NYC<\/strong><br \/>\nServices for All Migrants 25-B Carmine Street New York, NY, 10014<br \/>\n(646) 678-4097<br \/>\nsito web <a href=\"http:\/\/www.scalabrinicenternyc.org\">www.scalabrinicenternyc.org<\/a><br \/>\ne-mail <a href=\"mailto:info@scalabrinicenternyc.org\">info@scalabrinicenternyc.org<\/a><br \/>\ncontatto: Dott.Roberto Lo Presti<\/p>\n","protected":false},"excerpt":{"rendered":"Il Consolato Generale pu\u00f2 assistere i cittadini italiani che si trovano in situazioni d\u2019emergenza nell&#8217;ambito territoriale della sua circoscrizione, nel rispetto della legislazione locale e del diritto internazionale applicabile. La protezione consolare si applica quando le risorse degli interessati sono esaurite ed essi non hanno pi\u00f9 la possibilit\u00e0 di far fronte alle proprie esigenze n\u00e9 [&hellip;]","protected":false},"author":3,"featured_media":0,"parent":87,"menu_order":6,"comment_status":"closed","ping_status":"closed","template":"","meta":{"footnotes":""},"class_list":["post-426","page","type-page","status-publish","hentry"],"_links":{"self":[{"href":"https:\/\/consnewyork.esteri.it\/it\/wp-json\/wp\/v2\/pages\/426","targetHints":{"allow":["GET"]}}],"collection":[{"href":"https:\/\/consnewyork.esteri.it\/it\/wp-json\/wp\/v2\/pages"}],"about":[{"href":"https:\/\/consnewyork.esteri.it\/it\/wp-json\/wp\/v2\/types\/page"}],"author":[{"embeddable":true,"href":"https:\/\/consnewyork.esteri.it\/it\/wp-json\/wp\/v2\/users\/3"}],"replies":[{"embeddable":true,"href":"https:\/\/consnewyork.esteri.it\/it\/wp-json\/wp\/v2\/comments?post=426"}],"version-history":[{"count":0,"href":"https:\/\/consnewyork.esteri.it\/it\/wp-json\/wp\/v2\/pages\/426\/revisions"}],"up":[{"embeddable":true,"href":"https:\/\/consnewyork.esteri.it\/it\/wp-json\/wp\/v2\/pages\/87"}],"wp:attachment":[{"href":"https:\/\/consnewyork.esteri.it\/it\/wp-json\/wp\/v2\/media?parent=426"}],"curies":[{"name":"wp","href":"https:\/\/api.w.org\/{rel}","templated":true}]}}