{"id":4211,"date":"2025-06-23T15:03:57","date_gmt":"2025-06-23T19:03:57","guid":{"rendered":"https:\/\/consnewyork.esteri.it\/?page_id=4211"},"modified":"2026-03-25T11:26:36","modified_gmt":"2026-03-25T15:26:36","slug":"riacquisto-della-cittadinanza-italiana-a-favore-di-ex-cittadini-ai-sensi-dellart-17-comma-1-della-legge-91-1992","status":"publish","type":"page","link":"https:\/\/consnewyork.esteri.it\/it\/servizi-consolari-e-visti\/servizi-per-il-cittadino-straniero\/cittadinanza\/riacquisto-della-cittadinanza-italiana\/riacquisto-della-cittadinanza-italiana-a-favore-di-ex-cittadini-ai-sensi-dellart-17-comma-1-della-legge-91-1992\/","title":{"rendered":"Riacquisto della cittadinanza italiana a favore di ex cittadini, ai sensi dell\u2019art. 17, comma 1 della legge 91\/1992"},"content":{"rendered":"<p>La Legge 74\/2025, di conversione del Decreto Legge 36\/2025, ha modificato l&#8217;art. 17, comma 1 della Legge 91\/1992, prevedendo la possibilit\u00e0, per ex cittadini italiani, in determinati casi e per un periodo di tempo limitato (tra il 1\u00b0 luglio 2025 e il 31 dicembre 2027), di riacquistare la cittadinanza italiana rendendo una apposita dichiarazione.<\/p>\n<p>In particolare, tale possibilit\u00e0 \u00e8 prevista per chi \u00e8 <strong>nato in Italia<\/strong> oppure \u00e8 stato <strong>residente in Italia per almeno due anni continuativi<\/strong> e ha <strong>perduto la cittadinanza prima dell\u2019entrata in vigore della Legge 91\/1992<\/strong> (quindi prima del 16 agosto 1992) in uno dei seguenti casi:<\/p>\n<ul>\n<li>ha volontariamente acquistato una cittadinanza straniera prima del 16 agosto 1992 e ha stabilito all\u2019estero la propria residenza (art. 8 n. 1 Legge 555\/1912);<\/li>\n<li>avendo acquistato senza concorso di volont\u00e0 propria una cittadinanza straniera, ha rinunciato alla cittadinanza italiana e ha stabilito la propria residenza all\u2019estero (art. 8 n. 2 Legge 555\/1912);<\/li>\n<li>essendo figlio minore non emancipato di chi ha perso la cittadinanza, aveva in comune con il genitore la residenza e ha acquistato la cittadinanza di uno Stato straniero (art. 12 Legge 555\/1912).<\/li>\n<\/ul>\n<p>La possibilit\u00e0 di rendere la dichiarazione di riacquisto non \u00e8, pertanto, prevista per ex cittadini italiani nati all\u2019estero che non sono stati residenti in Italia per almeno due anni continuativi o per chi ha perso, per qualsiasi motivo, la cittadinanza italiana dal 16 agosto 1992.<\/p>\n<p><strong>La dichiarazione di riacquisto da parte dell\u2019ex cittadino pu\u00f2 essere presentata tra il 1\u00b0 luglio 2025 e il 31 dicembre 2027.<\/strong><\/p>\n<p>Per poter rendere la dichiarazione di riacquisto, l\u2019ex cittadino italiano dovr\u00e0 contattare l\u2019ufficio cittadinanza del Consolato Generale all\u2019indirizzo\u00a0<a href=\"mailto:cittadinanza.newyork@esteri.it\">cittadinanza.newyork@esteri.it<\/a>\u00a0 inviando una comunicazione ad oggetto \u201cDichiarazione di riacquisto ex art. 17 comma 1 Legge 91\/1992\u201d e allegando, in formato PDF, i documenti sotto elencati:<\/p>\n<ol>\n<li><a href=\"https:\/\/consnewyork.esteri.it\/wp-content\/uploads\/2025\/06\/Modello_Richiesta_Art.-17.pdf\">Formulario di richiesta<\/a>;<\/li>\n<li>Documento di identit\u00e0 in corso di validit\u00e0, emesso dal Paese di attuale cittadinanza;<\/li>\n<li>Prova di residenza nella circoscrizione consolare (bolletta di utenza, patente di guida o carta d\u2019identit\u00e0 emessa dallo Stato di residenza);<\/li>\n<li><b><span style=\"text-decoration: underline;\">Copia integrale<\/span> (non estratto n\u00e9 certificato) <\/b>dell\u2019atto di nascita rilasciato, negli <strong>ultimi sei mesi<\/strong>, dal Comune in Italia ove la nascita \u00e8 stata registrata. La <strong><span style=\"text-decoration: underline;\">copia integrale<\/span>\u00a0<\/strong>dell&#8217;atto di nascita costituisce il documento piu&#8217; completo che il Comune puo&#8217; rilasciare;<\/li>\n<li>Qualora coniugato, copia del certificato di matrimonio;<\/li>\n<li>Certificato storico di residenza emesso negli ultimi sei mesi dal Comune di ultima residenza in Italia atto a dimostrare:<br \/>\n&#8211; per i nati in Italia: il Comune di ultima residenza;<br \/>\n&#8211; per i nati all\u2019estero: la residenza in Italia per almeno due anni consecutivi;<\/li>\n<li>Copia dell\u2019ultimo passaporto italiano, ove disponibile;<\/li>\n<li>Certificato di naturalizzazione statunitense (fronte e retro). Nel caso in cui la naturalizzazione sia avvenuta durante la minore et\u00e0 dell\u2019interessato, sar\u00e0 necessario produrre anche certificato di nascita e certificato di naturalizzazione o carta verde dei genitori.<\/li>\n<li>In caso il cognome sia cambiato a seguito di matrimonio e sul passaporto corrente non coincida con quello riportato sull\u2019estratto dell\u2019atto di nascita: certificato di matrimonio emesso dal Comune (se il matrimonio \u00e8 avvenuto in Italia o se il certificato di matrimonio straniero \u00e8 stato gia\u2019 trascritto in Italia) OPPURE documentazione del matrimonio straniero ottenuta seguendo le istruzioni contenute nel seguente link: <a href=\"https:\/\/consnewyork.esteri.it\/it\/servizi-consolari-e-visti\/servizi-per-il-cittadino-italiano\/stato-civile\/matrimonio\/\">Matrimonio \u2013 Consolato Generale d&#8217;Italia a New York<\/a><\/li>\n<li>In caso il nome o il cognome siano cambiati <span style=\"text-decoration: underline;\">a seguito di sentenza emessa da un tribunale<\/span> e sul passaporto corrente non coincidano con quelli riportati nell\u2019estratto dell\u2019atto di nascita: documentazione ottenuta seguendo le istruzioni contenute nel seguente link: <a href=\"https:\/\/consnewyork.esteri.it\/it\/servizi-consolari-e-visti\/servizi-per-il-cittadino-italiano\/stato-civile\/cambio-nome-o-cognome\/\">Cambio nome o cognome \u2013 Consolato Generale d&#8217;Italia a New York<\/a> .\u00a0 \u00a0 \u00a0 \u00a0 \u00a0 \u00a0 \u00a0 \u00a0 \u00a0 \u00a0 \u00a0 \u00a0 \u00a0 \u00a0 \u00a0 \u00a0 \u00a0 \u00a0 \u00a0 \u00a0 \u00a0 \u00a0 \u00a0 \u00a0 \u00a0 \u00a0 \u00a0 \u00a0 \u00a0 \u00a0 \u00a0 \u00a0 \u00a0 \u00a0 \u00a0 \u00a0 \u00a0 \u00a0 \u00a0 In caso il nome sia cambiato <span style=\"text-decoration: underline;\">a seguito di naturalizzazione<\/span>, dato indicato sul retro del certificato di naturalizzazione, sar\u00e0 necessario presentare copia conforme (&#8220;<em>certified copy<\/em>&#8220;) della &#8220;<em>petition for naturalization<\/em>&#8221; legalizzata con Apostille e tradotta in italiano.<\/li>\n<\/ol>\n<p>L\u2019ufficio cittadinanza, <strong>SOLO<\/strong> se la suddetta documentazione, anticipata via email, \u00e8 <strong>corretta e completa<\/strong>, comunicher\u00e0 un appuntamento all\u2019interessato per rendere la dichiarazione di riacquisto in base all\u2019art. 17 comma 1 Legge 91\/1992.<\/p>\n<p>La dichiarazione sar\u00e0 resa dall\u2019interessato personalmente in Consolato.<\/p>\n<p>Il giorno dell\u2019appuntamento l\u2019interessato dovr\u00e0 presentare la documentazione originale e<strong> una (1) copia<\/strong>\u00a0della stessa nonch\u00e9 il pagamento, tramite money order intestato al Consolato Generale d\u2019Italia a New York, del diritto consolare di \u20ac 250. Per l\u2019importo in USD, si prega di consultare la <a href=\"https:\/\/consnewyork.esteri.it\/it\/servizi-consolari-e-visti\/servizi-per-il-cittadino-italiano\/tariffe-consolari\/\">tabella consolare<\/a>.<\/p>\n<p>Il riacquisto, laddove ne ricorrano i presupposti, avr\u00e0 effetto dal giorno successivo alla dichiarazione.<\/p>\n<p>Il riacquisto NON ha, infatti, effetti retroattivi.<\/p>\n<p>La trasmissione della cittadinanza ai discendenti \u00e8 disciplinata dalle regole generali, recentemente riformate dal DL 36\/2025 come convertito dalla Legge 74\/2025.<\/p>\n<p>In particolare, si attira l\u2019attenzione sul fatto che il riacquisto della cittadinanza da parte della persona residente all\u2019estero NON comporta pi\u00f9 l\u2019automatico acquisto della cittadinanza italiana da parte del figlio minorenne convivente. Secondo l\u2019art. 14 della Legge 91\/1992, cos\u00ec come modificato, l\u2019acquisto della cittadinanza italiana da parte del figlio minore convivente con il genitore che riacquista, richiede che il figlio minore convivente, alla data del riacquisto della cittadinanza italiana da parte del genitore, risieda legalmente in Italia da almeno due anni continuativi (o dalla nascita, se di et\u00e0 inferiore ai due anni).<\/p>\n<p>Il genitore che riacquista la cittadinanza italiana, essendo cittadino per riacquisto e non pi\u00f9 per nascita, NON pu\u00f2 rendere la dichiarazione di acquisto della cittadinanza per i figli minori, di cui all\u2019art. 4, comma 1-bis della legge 91\/1992.<\/p>\n","protected":false},"excerpt":{"rendered":"La Legge 74\/2025, di conversione del Decreto Legge 36\/2025, ha modificato l&#8217;art. 17, comma 1 della Legge 91\/1992, prevedendo la possibilit\u00e0, per ex cittadini italiani, in determinati casi e per un periodo di tempo limitato (tra il 1\u00b0 luglio 2025 e il 31 dicembre 2027), di riacquistare la cittadinanza italiana rendendo una apposita dichiarazione. In [&hellip;]","protected":false},"author":3,"featured_media":0,"parent":4233,"menu_order":0,"comment_status":"closed","ping_status":"closed","template":"","meta":{"footnotes":""},"class_list":["post-4211","page","type-page","status-publish","hentry"],"_links":{"self":[{"href":"https:\/\/consnewyork.esteri.it\/it\/wp-json\/wp\/v2\/pages\/4211","targetHints":{"allow":["GET"]}}],"collection":[{"href":"https:\/\/consnewyork.esteri.it\/it\/wp-json\/wp\/v2\/pages"}],"about":[{"href":"https:\/\/consnewyork.esteri.it\/it\/wp-json\/wp\/v2\/types\/page"}],"author":[{"embeddable":true,"href":"https:\/\/consnewyork.esteri.it\/it\/wp-json\/wp\/v2\/users\/3"}],"replies":[{"embeddable":true,"href":"https:\/\/consnewyork.esteri.it\/it\/wp-json\/wp\/v2\/comments?post=4211"}],"version-history":[{"count":6,"href":"https:\/\/consnewyork.esteri.it\/it\/wp-json\/wp\/v2\/pages\/4211\/revisions"}],"predecessor-version":[{"id":5305,"href":"https:\/\/consnewyork.esteri.it\/it\/wp-json\/wp\/v2\/pages\/4211\/revisions\/5305"}],"up":[{"embeddable":true,"href":"https:\/\/consnewyork.esteri.it\/it\/wp-json\/wp\/v2\/pages\/4233"}],"wp:attachment":[{"href":"https:\/\/consnewyork.esteri.it\/it\/wp-json\/wp\/v2\/media?parent=4211"}],"curies":[{"name":"wp","href":"https:\/\/api.w.org\/{rel}","templated":true}]}}