{"id":396,"date":"2023-05-18T12:29:17","date_gmt":"2023-05-18T16:29:17","guid":{"rendered":"https:\/\/consnewyork.esteri.it\/?page_id=396"},"modified":"2025-04-16T16:13:50","modified_gmt":"2025-04-16T20:13:50","slug":"per-le-nuove-iscrizioni-quali-documenti-devono-essere-caricati-su-fast-it","status":"publish","type":"page","link":"https:\/\/consnewyork.esteri.it\/it\/servizi-consolari-e-visti\/servizi-per-il-cittadino-italiano\/anagrafe-degli-italiani-residenti-allestero-aire\/per-le-nuove-iscrizioni-quali-documenti-devono-essere-caricati-su-fast-it\/","title":{"rendered":"Per le nuove iscrizioni, quali documenti devono essere caricati su Fast It?"},"content":{"rendered":"<div>\n<p>Il connazionale che si deve iscrivere all\u2019A.I.R.E. deve caricare sul portale FAST IT i seguenti documenti:<\/p>\n<ol>\n<li><strong>Modulo di richiesta<\/strong>. Il modulo viene generato dal portale dopo l\u2019inserimento dei dati. Occorre stamparlo, firmarlo e scansionarlo, e caricare poi la scansione sul portale.<\/li>\n<li><strong>Documenti di identit\u00e0<\/strong>. Occorre inserire, in un\u2019unica scansione, la seguente documentazione:\n<ul>\n<li>Passaporto italiano. In caso di familiari conviventi, aggiungere anche i passaporti dei familiari. In caso di figli minori, \u00e8 necessario inserire i passaporti di entrambi i genitori. Ove non si disponesse di passaporto italiano, allegare una prova di cittadinanza italiana e, se in possesso di doppia cittadinanza, il passaporto straniero.<\/li>\n<li>Titolo legale di residenza negli Stati Uniti in corso di validit\u00e0, se posseduto. Si accettano il Visto, la US Work Authorization Card o la Permanent Resident Card rilasciata\/rinnovata dopo il 15 agosto 1992. Chi fosse titolare anche di cittadinanza USA, deve caricare il passaporto statunitense e, se la cittadinanza \u00e8 stata acquisita dopo la nascita, il certificato di naturalizzazione. Per i residenti a Bermuda, si accettano il Bermuda Work Permit Card, il Permanent Resident Certificate, il Bermudian Status Certificate\u00a0o la Spouse of Bermudian Letter. Chi fosse titolare anche della cittadinanza British Overseas Territories deve caricare il passaporto bermudiano e, se la cittadinanza \u00e8 stata acquisita dopo la nascita, copia del certificato di naturalizzazione.<\/li>\n<\/ul>\n<\/li>\n<li><strong>Prova di residenza in questa circoscrizione consolare che riporti lo stesso indirizzo dichiarato sul modulo di richiesta<\/strong>. Si accettano:\n<ul>\n<li>bolletta di utenza (elettricit\u00e0, gas, telefono, internet, o TV; si prega di allegare esclusivamente la pagina con dati anagrafici e indirizzo di residenza);<\/li>\n<li>estratto conto bancario (si prega di allegare esclusivamente la pagina con dati anagrafici e indirizzo di residenza);<\/li>\n<li>copia del contratto d&#8217;affitto (solo la pagina riportante l&#8217;attuale indirizzo ed il nome del richiedente).<\/li>\n<li>ID Card statunitense;<\/li>\n<li>patente di guida statunitense in corso di validit\u00e0, recante il medesimo indirizzo indicato dal connazionale nel modulo di richiesta.<\/li>\n<\/ul>\n<\/li>\n<li><strong>La documentazione deve pervenire tutta insieme, in mancanza anche di un solo documento la richiesta verr\u00e0 sospesa dall\u2019Ufficio consolare e, se la documentazione non sar\u00e0 completata entro i 30 giorni successivi, la richiesta scadr\u00e0 automaticamente e dovr\u00e0 essere presentata una nuova istanza.<\/strong><\/li>\n<li>Si possono caricare file di tipo PDF, JPG, JPEG, PNG e P7M, con dimensione massima di 1 MB e possono essere usate anche le fotografie degli smartphone.<\/li>\n<\/ol>\n<p><strong>La documentazione deve pervenire tutta insieme, in mancanza anche di un solo documento la richiesta verr\u00e0 sospesa dall\u2019Ufficio consolare e, se la documentazione non sar\u00e0 completata entro i 30 giorni successivi, la richiesta scadr\u00e0 automaticamente e dovr\u00e0 essere presentata una nuova istanza.\u00a0 <\/strong><\/p>\n<p>Si possono caricare file di tipo PDF, JPG, JPEG, PNG e P7M, con dimensione massima di 1 MB e possono essere usate anche le fotografie degli smartphone.<\/p>\n<\/div>\n","protected":false},"excerpt":{"rendered":"Il connazionale che si deve iscrivere all\u2019A.I.R.E. deve caricare sul portale FAST IT i seguenti documenti: Modulo di richiesta. Il modulo viene generato dal portale dopo l\u2019inserimento dei dati. Occorre stamparlo, firmarlo e scansionarlo, e caricare poi la scansione sul portale. Documenti di identit\u00e0. Occorre inserire, in un\u2019unica scansione, la seguente documentazione: Passaporto italiano. In [&hellip;]","protected":false},"author":3,"featured_media":0,"parent":85,"menu_order":2,"comment_status":"closed","ping_status":"closed","template":"","meta":{"footnotes":""},"class_list":["post-396","page","type-page","status-publish","hentry"],"_links":{"self":[{"href":"https:\/\/consnewyork.esteri.it\/it\/wp-json\/wp\/v2\/pages\/396","targetHints":{"allow":["GET"]}}],"collection":[{"href":"https:\/\/consnewyork.esteri.it\/it\/wp-json\/wp\/v2\/pages"}],"about":[{"href":"https:\/\/consnewyork.esteri.it\/it\/wp-json\/wp\/v2\/types\/page"}],"author":[{"embeddable":true,"href":"https:\/\/consnewyork.esteri.it\/it\/wp-json\/wp\/v2\/users\/3"}],"replies":[{"embeddable":true,"href":"https:\/\/consnewyork.esteri.it\/it\/wp-json\/wp\/v2\/comments?post=396"}],"version-history":[{"count":1,"href":"https:\/\/consnewyork.esteri.it\/it\/wp-json\/wp\/v2\/pages\/396\/revisions"}],"predecessor-version":[{"id":3949,"href":"https:\/\/consnewyork.esteri.it\/it\/wp-json\/wp\/v2\/pages\/396\/revisions\/3949"}],"up":[{"embeddable":true,"href":"https:\/\/consnewyork.esteri.it\/it\/wp-json\/wp\/v2\/pages\/85"}],"wp:attachment":[{"href":"https:\/\/consnewyork.esteri.it\/it\/wp-json\/wp\/v2\/media?parent=396"}],"curies":[{"name":"wp","href":"https:\/\/api.w.org\/{rel}","templated":true}]}}