{"id":39,"date":"2023-04-03T19:16:29","date_gmt":"2023-04-03T17:16:29","guid":{"rendered":"https:\/\/consolatozurigo.esteri.it\/?page_id=39"},"modified":"2025-10-24T09:17:53","modified_gmt":"2025-10-24T13:17:53","slug":"la-rete-consolare","status":"publish","type":"page","link":"https:\/\/consnewyork.esteri.it\/it\/chi-siamo\/la-rete-consolare\/","title":{"rendered":"La Rete Consolare"},"content":{"rendered":"<p>Il Consolato Generale di New York fornisce i propri servizi ai residenti negli Stati di New York, Connecticut, New Jersey (solo per le contee di Bergen, Hudson, Morris, Passaic, Sussex, Union, Warren, Essex, Middlesex, Monmouth, Hunterdon, Mercer, Somerset) ed i Territori Britannici delle Isole Bermude.<\/p>\n<p>I residenti negli altri Stati dovranno rivolgersi al\u00a0<a href=\"https:\/\/ambwashingtondc.esteri.it\/it\/chi-siamo\/la-rete-consolare\/\">Consolato competente<\/a>\u00a0per la loro circoscrizione.<\/p>\n<p>Dal Consolato Generale di New York dipendono quattro Consolati Onorari. Si tratta di Uffici gestiti da privati cittadini che assistono la comunita\u2019 in collaborazione con il Consolato Generale anche nell&#8217;espletamento di alcuni servizi amministrativi. Gli indirizzi e i numeri telefonici dei Consolati Onorari (ad oggi pienamente operativi) sono i seguenti:<\/p>\n<p>&nbsp;<\/p>\n<p><strong>Consolato Onorario in Clifton, New<\/strong>\u00a0<strong>Jersey<br \/>\n<\/strong><\/p>\n<p>Console Onorario: Sarah Angela Cangialosi in Salamone<br \/>\n109 Midland Avenue<\/p>\n<p>Elmwood Park, NJ 07407<\/p>\n<p>Area di competenza: Contee di Bergen, Hudson, Morris, Passaic, Sussex, Union, Warren, Essex, Middlesex, Monmouth, Hunterdon, Mercer, Somerset.<br \/>\nTel. (201) 310-7355<br \/>\nemail:\u00a0<a href=\"mailto:clifton.onorario@esteri.it\">clifton.onorario@esteri.it<\/a><\/p>\n<p>Orario di ufficio: marted\u00ec e gioved\u00ec dalle 13:00 alle 18:00, sabato dalle 10:00 alle 14:00.<br \/>\n<span style=\"text-decoration: underline;\"><strong>Si riceve il pubblico solo su appuntamento<\/strong><\/span>. L&#8217;appuntamento pu\u00f2 essere fissato chiamando durante gli orari di ufficio (201) 310-7355.<\/p>\n<p><span style=\"text-decoration: underline;\">L&#8217;ufficio del Console Onorario nel New Jersey rimarr\u00e0 chiuso da mercoled\u00ec 29 ottobre e riaprir\u00e0 gioved\u00ec 20 novembre 2025.\u00a0<\/span><\/p>\n<p><a href=\"https:\/\/www.gazzettaufficiale.it\/atto\/serie_generale\/caricaDettaglioAtto\/originario?atto.dataPubblicazioneGazzetta=2023-02-15&amp;atto.codiceRedazionale=23A00883&amp;elenco30giorni=false\" target=\"_blank\" rel=\"noopener\">Decreto di limitazione delle funzioni del Console Onorario<\/a><\/p>\n<p><a href=\"mailto:dvcaruso@optonline.net\"><br \/>\n<\/a><strong>Consolato Onorario in Hamilton,<\/strong>\u00a0<strong>Bermuda<a href=\"mailto:dvcaruso@optonline.net\"><br \/>\n<\/a><\/strong>Console onorario:\u00a0Sabrina Di Meglio<br \/>\n18 Reid Street<br \/>\nHamilton, HM 11<br \/>\nBermuda<br \/>\nArea di competenza: Bermuda<br \/>\nTel. (441) 504 8312<br \/>\nFax (441) 295-5327<br \/>\nemail:\u00a0<em><a href=\"mailto:hamilton.onorario@esteri.it\">hamilton.onorario@esteri.it<\/a><a href=\"mailto:italia@northrock.bm\"><br \/>\n<\/a><\/em>Orario di Ufficio: chiamare per un appuntamento.<\/p>\n<p><a href=\"https:\/\/www.gazzettaufficiale.it\/atto\/vediMenuHTML?atto.dataPubblicazioneGazzetta=2019-03-06&amp;atto.codiceRedazionale=19A01367&amp;tipoSerie=serie_generale&amp;tipoVigenza=originario\">Decreto di limitazione delle funzioni del Console Onorario<\/a><\/p>\n<p>&nbsp;<\/p>\n<p><strong>Consolato Onorario in Rochester, New York<\/strong><br \/>\nConsole Onorario: Vincenzo Scollo<br \/>\n919 Winton Road South suite 204<\/p>\n<p>Rochester, NY 14618<\/p>\n<p>Area di competenza: Contee di Monroe, Wayne, Cayuga, Onondaga, Oswego, Jefferson, Seneca, Livingston, Steuben, Ontario, Yates, Shuyler, Chemung, Tompkins, Tioga, Cortland, Niagara, Erie, Chautauqua, Allegany, Wyoming, Genesee, Orleans e Cattaraugus.<br \/>\nTel. (585) 491-4244<br \/>\nemail:\u00a0<a href=\"mailto:rochester.onorario@esteri.it\">rochester.onorario@esteri.it<\/a><\/p>\n<p>Orario d\u2019ufficio telefonico: Luned\u00ec-Venerd\u00ec dalle 10 alle 16.<br \/>\nAppuntamenti il sabato dalle 9 alle 15.<\/p>\n<p><a href=\"https:\/\/www.gazzettaufficiale.it\/atto\/serie_generale\/caricaDettaglioAtto\/originario?atto.dataPubblicazioneGazzetta=2021-06-16&amp;atto.codiceRedazionale=21A03600&amp;elenco30giorni=false\">Decreto di limitazione delle funzioni del Console Onorario<\/a><br \/>\n<a href=\"https:\/\/consnewyork.esteri.it\/wp-content\/uploads\/2025\/02\/soppressione-Buffalo-in-GU.pdf\">Aggiornamento decreto<\/a><\/p>\n<p>&nbsp;<\/p>\n<p><strong>Consolato Onorario\u00a0in Hartford, Connecticut<br \/>\n<\/strong>Console Onorario: Barbara Battaglino Zichichi<br \/>\n750 Main Street<br \/>\nSuite 500<br \/>\nHartford, CT, 06103<br \/>\nTel. (860) 361-7929 &#8211; (203) 918-5281<br \/>\nemail:\u00a0<a href=\"mailto:hartford.onorario@esteri.it\">hartford.onorario@esteri.it<\/a><\/p>\n<p>Contee di competenza: Connecticut<\/p>\n<p>Orario di ufficio: luned\u00ec e venerd\u00ec dalle 10:00 alle 17:00<\/p>\n<p><a href=\"https:\/\/www.gazzettaufficiale.it\/atto\/serie_generale\/caricaDettaglioAtto\/originario?atto.dataPubblicazioneGazzetta=2021-04-09&amp;atto.codiceRedazionale=21A02028&amp;elenco30giorni=false\">Decreto di limitazione delle funzioni del Console Onorario<\/a><\/p>\n","protected":false},"excerpt":{"rendered":"Il Consolato Generale di New York fornisce i propri servizi ai residenti negli Stati di New York, Connecticut, New Jersey (solo per le contee di Bergen, Hudson, Morris, Passaic, Sussex, Union, Warren, Essex, Middlesex, Monmouth, Hunterdon, Mercer, Somerset) ed i Territori Britannici delle Isole Bermude. I residenti negli altri Stati dovranno rivolgersi al\u00a0Consolato competente\u00a0per la [&hellip;]","protected":false},"author":1,"featured_media":0,"parent":13,"menu_order":12,"comment_status":"closed","ping_status":"closed","template":"","meta":{"footnotes":""},"class_list":["post-39","page","type-page","status-publish","hentry"],"_links":{"self":[{"href":"https:\/\/consnewyork.esteri.it\/it\/wp-json\/wp\/v2\/pages\/39","targetHints":{"allow":["GET"]}}],"collection":[{"href":"https:\/\/consnewyork.esteri.it\/it\/wp-json\/wp\/v2\/pages"}],"about":[{"href":"https:\/\/consnewyork.esteri.it\/it\/wp-json\/wp\/v2\/types\/page"}],"author":[{"embeddable":true,"href":"https:\/\/consnewyork.esteri.it\/it\/wp-json\/wp\/v2\/users\/1"}],"replies":[{"embeddable":true,"href":"https:\/\/consnewyork.esteri.it\/it\/wp-json\/wp\/v2\/comments?post=39"}],"version-history":[{"count":6,"href":"https:\/\/consnewyork.esteri.it\/it\/wp-json\/wp\/v2\/pages\/39\/revisions"}],"predecessor-version":[{"id":4727,"href":"https:\/\/consnewyork.esteri.it\/it\/wp-json\/wp\/v2\/pages\/39\/revisions\/4727"}],"up":[{"embeddable":true,"href":"https:\/\/consnewyork.esteri.it\/it\/wp-json\/wp\/v2\/pages\/13"}],"wp:attachment":[{"href":"https:\/\/consnewyork.esteri.it\/it\/wp-json\/wp\/v2\/media?parent=39"}],"curies":[{"name":"wp","href":"https:\/\/api.w.org\/{rel}","templated":true}]}}