{"id":374,"date":"2023-05-17T17:12:31","date_gmt":"2023-05-17T21:12:31","guid":{"rendered":"https:\/\/consnewyork.esteri.it\/?page_id=374"},"modified":"2023-07-11T12:34:26","modified_gmt":"2023-07-11T16:34:26","slug":"atti-di-notorieta","status":"publish","type":"page","link":"https:\/\/consnewyork.esteri.it\/it\/servizi-consolari-e-visti\/servizi-per-il-cittadino-italiano\/servizi-notarili\/atti-di-notorieta\/","title":{"rendered":"Atti di notoriet\u00e0"},"content":{"rendered":"<p>Presso l&#8217;Ufficio Notarile \u00e8 possibile effettuare atti di notoriet\u00e0. Al fine di procedere alla loro stesura con la necessaria completezza di dati, gli interessati dovranno presentarsi accompagnati da due testimoni di cittadinanza italiana, non legati da vincoli di parentela con i richiedenti e non interessati all\u2019atto. Dopo l&#8217;identificazione dei comparenti secondo le modalit\u00e0 previste ed il giuramento di rito, l&#8217;incaricato consolare ricever\u00e0 le loro dichiarazioni su quanto il richiedente ha interesse a far risultare formalmente, sotto forma di atto pubblico.<\/p>\n<p>Per l\u2019atto di notoriet\u00e0 si applicano le <a href=\"https:\/\/consnewyork.esteri.it\/it\/servizi-consolari-e-visti\/servizi-per-il-cittadino-italiano\/tariffe-consolari\/\">tariffe consolari<\/a> art. 23 e art. 25.<\/p>\n<p>Per fissare un appuntamento scrivere a: <a href=\"mailto:newyork.notarile@esteri.it\">newyork.notarile@esteri.it<\/a><\/p>\n","protected":false},"excerpt":{"rendered":"Presso l&#8217;Ufficio Notarile \u00e8 possibile effettuare atti di notoriet\u00e0. Al fine di procedere alla loro stesura con la necessaria completezza di dati, gli interessati dovranno presentarsi accompagnati da due testimoni di cittadinanza italiana, non legati da vincoli di parentela con i richiedenti e non interessati all\u2019atto. Dopo l&#8217;identificazione dei comparenti secondo le modalit\u00e0 previste ed [&hellip;]","protected":false},"author":3,"featured_media":0,"parent":89,"menu_order":4,"comment_status":"closed","ping_status":"closed","template":"","meta":{"footnotes":""},"class_list":["post-374","page","type-page","status-publish","hentry"],"_links":{"self":[{"href":"https:\/\/consnewyork.esteri.it\/it\/wp-json\/wp\/v2\/pages\/374","targetHints":{"allow":["GET"]}}],"collection":[{"href":"https:\/\/consnewyork.esteri.it\/it\/wp-json\/wp\/v2\/pages"}],"about":[{"href":"https:\/\/consnewyork.esteri.it\/it\/wp-json\/wp\/v2\/types\/page"}],"author":[{"embeddable":true,"href":"https:\/\/consnewyork.esteri.it\/it\/wp-json\/wp\/v2\/users\/3"}],"replies":[{"embeddable":true,"href":"https:\/\/consnewyork.esteri.it\/it\/wp-json\/wp\/v2\/comments?post=374"}],"version-history":[{"count":0,"href":"https:\/\/consnewyork.esteri.it\/it\/wp-json\/wp\/v2\/pages\/374\/revisions"}],"up":[{"embeddable":true,"href":"https:\/\/consnewyork.esteri.it\/it\/wp-json\/wp\/v2\/pages\/89"}],"wp:attachment":[{"href":"https:\/\/consnewyork.esteri.it\/it\/wp-json\/wp\/v2\/media?parent=374"}],"curies":[{"name":"wp","href":"https:\/\/api.w.org\/{rel}","templated":true}]}}