{"id":361,"date":"2023-05-17T12:35:01","date_gmt":"2023-05-17T16:35:01","guid":{"rendered":"https:\/\/consnewyork.esteri.it\/?page_id=361"},"modified":"2023-06-16T10:40:04","modified_gmt":"2023-06-16T14:40:04","slug":"atto-di-assenso-al-rilascio-del-passaporto-da-presentare-presso-altre-ambasciate-consolati-questura","status":"publish","type":"page","link":"https:\/\/consnewyork.esteri.it\/it\/servizi-consolari-e-visti\/servizi-per-il-cittadino-italiano\/passaporti-e-carte-didentita\/atto-di-assenso-al-rilascio-del-passaporto-da-presentare-presso-altre-ambasciate-consolati-questura\/","title":{"rendered":"Atto di assenso al rilascio del passaporto da presentare presso altre Ambasciate\/Consolati\/Questura"},"content":{"rendered":"<div>\n<div>\n<p>Per concedere l\u2019assenso al rilascio del passaporto per i propri figli minori che abbiano fatto <strong>richiesta presso un altro Ufficio<\/strong> (Questura in Italia o altro Ufficio Consolare all\u2019estero) \u00e8 necessario presentarsi personalmente presso il Consolato il venerd\u00ec dalle ore 10.30 alle 11.30 muniti dei seguenti documenti:<\/p>\n<ul>\n<li><strong>passaporto<\/strong> o altro documento di identit\u00e0 valido;<\/li>\n<li><a href=\"\/wp-content\/uploads\/2023\/06\/ATTO-ASSENSO.pdf\"><strong>Modulo Assenso<\/strong><\/a> da firmare in presenza dell\u2019addetto consolare, che apporr\u00e0 l\u2019autentica di firma in calce al formulario.<\/li>\n<li><strong>Copia del passaporto del figlio minore<\/strong>.<\/li>\n<\/ul>\n<p>E\u2019 previsto il pagamento dei relativi <a href=\"\/it\/servizi-consolari-e-visti\/servizi-per-il-cittadino-italiano\/tariffe-consolari\/\">diritti consolari<\/a> (consultare art. 19 della tabella).<\/p>\n<\/div>\n<\/div>\n","protected":false},"excerpt":{"rendered":"Per concedere l\u2019assenso al rilascio del passaporto per i propri figli minori che abbiano fatto richiesta presso un altro Ufficio (Questura in Italia o altro Ufficio Consolare all\u2019estero) \u00e8 necessario presentarsi personalmente presso il Consolato il venerd\u00ec dalle ore 10.30 alle 11.30 muniti dei seguenti documenti: passaporto o altro documento di identit\u00e0 valido; Modulo Assenso [&hellip;]","protected":false},"author":3,"featured_media":0,"parent":67,"menu_order":12,"comment_status":"closed","ping_status":"closed","template":"","meta":{"footnotes":""},"class_list":["post-361","page","type-page","status-publish","hentry"],"_links":{"self":[{"href":"https:\/\/consnewyork.esteri.it\/it\/wp-json\/wp\/v2\/pages\/361","targetHints":{"allow":["GET"]}}],"collection":[{"href":"https:\/\/consnewyork.esteri.it\/it\/wp-json\/wp\/v2\/pages"}],"about":[{"href":"https:\/\/consnewyork.esteri.it\/it\/wp-json\/wp\/v2\/types\/page"}],"author":[{"embeddable":true,"href":"https:\/\/consnewyork.esteri.it\/it\/wp-json\/wp\/v2\/users\/3"}],"replies":[{"embeddable":true,"href":"https:\/\/consnewyork.esteri.it\/it\/wp-json\/wp\/v2\/comments?post=361"}],"version-history":[{"count":0,"href":"https:\/\/consnewyork.esteri.it\/it\/wp-json\/wp\/v2\/pages\/361\/revisions"}],"up":[{"embeddable":true,"href":"https:\/\/consnewyork.esteri.it\/it\/wp-json\/wp\/v2\/pages\/67"}],"wp:attachment":[{"href":"https:\/\/consnewyork.esteri.it\/it\/wp-json\/wp\/v2\/media?parent=361"}],"curies":[{"name":"wp","href":"https:\/\/api.w.org\/{rel}","templated":true}]}}