{"id":36,"date":"2023-04-03T19:15:47","date_gmt":"2023-04-03T17:15:47","guid":{"rendered":"https:\/\/consolatozurigo.esteri.it\/?page_id=36"},"modified":"2023-07-12T15:23:56","modified_gmt":"2023-07-12T19:23:56","slug":"gli-uffici","status":"publish","type":"page","link":"https:\/\/consnewyork.esteri.it\/it\/chi-siamo\/gli-uffici\/","title":{"rendered":"Gli Uffici"},"content":{"rendered":"<p><strong>L\u2019indirizzo del Consolato Generale d\u2019Italia \u00e8 690 Park Avenue, New York, NY 10065.\u00a0<\/strong>Per i contatti dei Consolati Onorari in New York, New Jersey, Connecticut e Bermuda\u00a0<a href=\"\/it\/chi-siamo\/la-rete-consolare\/\">cliccare qui<\/a>.<\/p>\n<p>L\u2019ingresso su Park Avenue e\u2019 dedicato all\u2019utenza dell\u2019Ufficio passaporti. Per tutti gli altri servizi consolari si prega di accedere tramite l\u2019ingresso sulla 69esima Strada.<\/p>\n<p><strong>Per accedere al Consolato \u00e8 necessario prenotare e confermare l\u2019<a href=\"https:\/\/prenotami.esteri.it\/\">appuntamento<\/a><\/strong>\u00a0per il servizio consolare richiesto. Il Consolato \u00e8 aperto al pubblico dal luned\u00ec al venerd\u00ec dalle ore 9:00 alle ore 13:00.<\/p>\n<p>Le modalit\u00e0 di prenotazione degli appuntamenti e i documenti da presentare il giorno dell\u2019appuntamento sono consultabili cliccando direttamente sull\u2019Ufficio competente o nella\u00a0<a href=\"https:\/\/consnewyork.esteri.it\/it\/servizi-consolari-e-visti\/\">sezione \u201cServizi Consolari e Visti\u201d<\/a>.<\/p>\n<p>Si invita l\u2019utenza a leggere attentamente le informazioni sul sito e ad inviare eventuali quesiti per posta elettronica direttamente all\u2019<a href=\"https:\/\/consnewyork.esteri.it\/it\/chi-siamo\/contatti\/\">ufficio competente<\/a>.<\/p>\n<p>Le seguenti caselle PEC sono accessibili solo dagli utenti abilitati all&#8217;uso della\u00a0Posta Elettronica Certificata (PEC)<\/p>\n","protected":false},"excerpt":{"rendered":"L\u2019indirizzo del Consolato Generale d\u2019Italia \u00e8 690 Park Avenue, New York, NY 10065.\u00a0Per i contatti dei Consolati Onorari in New York, New Jersey, Connecticut e Bermuda\u00a0cliccare qui. L\u2019ingresso su Park Avenue e\u2019 dedicato all\u2019utenza dell\u2019Ufficio passaporti. Per tutti gli altri servizi consolari si prega di accedere tramite l\u2019ingresso sulla 69esima Strada. Per accedere al Consolato [&hellip;]","protected":false},"author":1,"featured_media":0,"parent":13,"menu_order":6,"comment_status":"closed","ping_status":"closed","template":"","meta":{"footnotes":""},"class_list":["post-36","page","type-page","status-publish","hentry"],"_links":{"self":[{"href":"https:\/\/consnewyork.esteri.it\/it\/wp-json\/wp\/v2\/pages\/36","targetHints":{"allow":["GET"]}}],"collection":[{"href":"https:\/\/consnewyork.esteri.it\/it\/wp-json\/wp\/v2\/pages"}],"about":[{"href":"https:\/\/consnewyork.esteri.it\/it\/wp-json\/wp\/v2\/types\/page"}],"author":[{"embeddable":true,"href":"https:\/\/consnewyork.esteri.it\/it\/wp-json\/wp\/v2\/users\/1"}],"replies":[{"embeddable":true,"href":"https:\/\/consnewyork.esteri.it\/it\/wp-json\/wp\/v2\/comments?post=36"}],"version-history":[{"count":0,"href":"https:\/\/consnewyork.esteri.it\/it\/wp-json\/wp\/v2\/pages\/36\/revisions"}],"up":[{"embeddable":true,"href":"https:\/\/consnewyork.esteri.it\/it\/wp-json\/wp\/v2\/pages\/13"}],"wp:attachment":[{"href":"https:\/\/consnewyork.esteri.it\/it\/wp-json\/wp\/v2\/media?parent=36"}],"curies":[{"name":"wp","href":"https:\/\/api.w.org\/{rel}","templated":true}]}}