{"id":359,"date":"2023-05-17T12:34:04","date_gmt":"2023-05-17T16:34:04","guid":{"rendered":"https:\/\/consnewyork.esteri.it\/?page_id=359"},"modified":"2024-06-14T10:08:30","modified_gmt":"2024-06-14T14:08:30","slug":"viaggi-di-minori-di-14-anni-che-viaggiano-da-soli-o-con-persone-diverse-dai-genitori","status":"publish","type":"page","link":"https:\/\/consnewyork.esteri.it\/it\/servizi-consolari-e-visti\/servizi-per-il-cittadino-italiano\/passaporti-e-carte-didentita\/viaggi-di-minori-di-14-anni-che-viaggiano-da-soli-o-con-persone-diverse-dai-genitori\/","title":{"rendered":"Minori di 14 anni con cittadinanza italiana che viaggiano da soli o con persone diverse dai genitori"},"content":{"rendered":"<div>\n<p>Il Consolato rilascia un\u2019attestazione di accompagnamento in favore dei minori di cittadinanza italiana di et\u00e0 inferiore ai 14 anni, che viaggiano esclusivamente con passaporto italiano senza i genitori o gli esercenti la potest\u00e0 genitoriale, affidandoli ad una terza persona o all\u2019assistenza delle compagnia aerea.<\/p>\n<p>I genitori possono presentarsi senza appuntamento il <strong>venerd\u00ec dalle ore 09.30 alle 10.30<\/strong>, avendo previamente inviato per email a <a href=\"mailto:newyork.passaporti@esteri.it\">newyork.passaporti@esteri.it<\/a>\u00a0la seguente documentazione:<\/p>\n<ul>\n<li><strong>autorizzazione di accompagnamento firmata da entrambi i genitori <\/strong>(<a href=\"\/wp-content\/uploads\/2023\/06\/dichiarazione_accompagnamento_12.03.doc\">modulo<\/a>);<\/li>\n<li><strong>copia del passaporto del minore;<\/strong><\/li>\n<li><strong>copia dei passaporti dei genitori;<\/strong><\/li>\n<li><strong>copia del passaporto del\/degli accompagnatore\/i;<\/strong><\/li>\n<li><strong>biglietto aereo.<\/strong><\/li>\n<\/ul>\n<p>Il giorno del ritiro dell\u2019attestazione consolare \u00e8 necessario che almeno un genitore sia presente e la documentazione dovr\u00e0 essere consegnata in originale.<\/p>\n<p>Se uno dei due genitori non \u00e8 cittadino UE, \u00e8 sempre necessario che venga personalmente in Consolato. In caso di impossibilit\u00e0, la sua firma sul modulo di autorizzazione deve essere autenticata presso un Notary Public.<\/p>\n<p>Qualora il genitore non cittadino UE si trovasse fuori da questa circoscrizione consolare, dovr\u00e0 recarsi presso l\u2019Ufficio Consolare italiano pi\u00f9 prossimo, negli USA o all\u2019estero o, se in Italia, in Questura.<\/p>\n<p>Nel caso in cui i minori <strong>non sono cittadini italiani<\/strong> e <strong>non stanno viaggiando con il passaporto italiano<\/strong>, il Consolato non pu\u00f2 rilasciare l\u2019attestazione di accompagnamento.<br \/>\nSi suggerisce che i genitori presentino all\u2019imbarco un\u2019autorizzazione firmata presso un notary public e per maggiori informazioni contattare la compagnia area.<\/p>\n<\/div>\n","protected":false},"excerpt":{"rendered":"Il Consolato rilascia un\u2019attestazione di accompagnamento in favore dei minori di cittadinanza italiana di et\u00e0 inferiore ai 14 anni, che viaggiano esclusivamente con passaporto italiano senza i genitori o gli esercenti la potest\u00e0 genitoriale, affidandoli ad una terza persona o all\u2019assistenza delle compagnia aerea. I genitori possono presentarsi senza appuntamento il venerd\u00ec dalle ore 09.30 [&hellip;]","protected":false},"author":3,"featured_media":0,"parent":67,"menu_order":10,"comment_status":"closed","ping_status":"closed","template":"","meta":{"footnotes":""},"class_list":["post-359","page","type-page","status-publish","hentry"],"_links":{"self":[{"href":"https:\/\/consnewyork.esteri.it\/it\/wp-json\/wp\/v2\/pages\/359","targetHints":{"allow":["GET"]}}],"collection":[{"href":"https:\/\/consnewyork.esteri.it\/it\/wp-json\/wp\/v2\/pages"}],"about":[{"href":"https:\/\/consnewyork.esteri.it\/it\/wp-json\/wp\/v2\/types\/page"}],"author":[{"embeddable":true,"href":"https:\/\/consnewyork.esteri.it\/it\/wp-json\/wp\/v2\/users\/3"}],"replies":[{"embeddable":true,"href":"https:\/\/consnewyork.esteri.it\/it\/wp-json\/wp\/v2\/comments?post=359"}],"version-history":[{"count":3,"href":"https:\/\/consnewyork.esteri.it\/it\/wp-json\/wp\/v2\/pages\/359\/revisions"}],"predecessor-version":[{"id":2731,"href":"https:\/\/consnewyork.esteri.it\/it\/wp-json\/wp\/v2\/pages\/359\/revisions\/2731"}],"up":[{"embeddable":true,"href":"https:\/\/consnewyork.esteri.it\/it\/wp-json\/wp\/v2\/pages\/67"}],"wp:attachment":[{"href":"https:\/\/consnewyork.esteri.it\/it\/wp-json\/wp\/v2\/media?parent=359"}],"curies":[{"name":"wp","href":"https:\/\/api.w.org\/{rel}","templated":true}]}}