{"id":2704,"date":"2024-06-12T12:26:38","date_gmt":"2024-06-12T16:26:38","guid":{"rendered":"https:\/\/consnewyork.esteri.it\/?page_id=2704"},"modified":"2026-02-20T16:49:37","modified_gmt":"2026-02-20T21:49:37","slug":"faq","status":"publish","type":"page","link":"https:\/\/consnewyork.esteri.it\/it\/servizi-consolari-e-visti\/servizi-per-il-cittadino-italiano\/carta-didentita-elettronica-c-i-e\/faq\/","title":{"rendered":"FAQ"},"content":{"rendered":"<div id=\"quando\"><\/div>\n<div>\n<ol start=\"1\">\n<li>QUANDO SI PUO\u2019 RICHIEDERE LA CARTA D\u2019IDENTITA\u2019 ELETTRONICA?<\/li>\n<\/ol>\n<p>La CIE viene rilasciata:<br \/>\n\u2022 in sostituzione di una Carta d\u2019Identit\u00e0 cartacea valida;<br \/>\n\u2022 a chi non sia in possesso di altra Carta d\u2019Identit\u00e0 valida;<br \/>\n\u2022 in caso di furto, smarrimento o deterioramento della carta precedente elettronica o cartacea;<br \/>\n\u2022 in sostituzione di una carta di identit\u00e0 elettronica valida che sia nell\u2019ultimo semestre di validit\u00e0.<\/p>\n<p>Non \u00e8 necessaria l\u2019emissione di una nuova carta in caso di cambio indirizzo.<\/p>\n<p>Non \u00e8 possibile richiedere il rilascio della carta d\u2019identit\u00e0 presso i Consolati Onorari. A decorrere dal 1\u00b0 giugno 2026, il cittadino iscritto all\u2019Anagrafe degli Italiani Residenti all\u2019Estero (AIRE) pu\u00f2\u00a0 presentare domanda per il rilascio della CIE presso qualsiasi Comune italiano. La carta d\u2019identit\u00e0 sar\u00e0 consegnata con le medesime modalit\u00e0 previste in caso di domanda presentata tramite l\u2019Ufficio consolare, con facolt\u00e0 per l\u2019interessato di ritirarla personalmente presso il Comune ovvero di richiederne la spedizione all\u2019estero.<\/p>\n<p>&nbsp;<\/p>\n<\/div>\n<div>\n<ol start=\"2\">\n<li>COME SI RICHIEDE LA CARTA D\u2019IDENTITA\u2019 ELETTRONICA?<\/li>\n<\/ol>\n<p>La richiesta della Carta d\u2019Identit\u00e0 Elettronica deve essere presentata utilizzando esclusivamente la piattaforma\u00a0<a href=\"https:\/\/prenotami.esteri.it\/\">Prenot@mi<\/a>.<\/p>\n<p>Nel caso non vi siano date disponibili, \u00e8 possibile optare per l\u2019inserimento nella lista d\u2019attesa. Il sistema assegner\u00e0 il primo appuntamento disponibile e informer\u00e0 il richiedente mediante una email automatica. Se accettato, l\u2019appuntamento dovr\u00e0 essere confermato dai 10 ai 3 giorni prima dell\u2019appuntamento sempre tramite il Portale\u00a0<a href=\"https:\/\/prenotami.esteri.it\/\">Prenot@mi<\/a>. Gli appuntamenti non confermati saranno annullati.Si prega di inserire i DATI RELATIVI ALL\u2019INTESTATARIO del documento richiesto, se diversi dall\u2019utente registrato al momento in cui si effettua la prenotazione dell\u2019appuntamento.Le donne coniugate dovranno inserire le generalit\u00e0 anagrafiche da nubile (come risultano dall\u2019atto di nascita), dal momento che la Carta d\u2019identit\u00e0 Elettronica non prevede l\u2019inserimento del cognome da sposate.<\/p>\n<\/div>\n<div id=\"documentazione\"><\/div>\n<div>\n<ol start=\"3\">\n<li>DOCUMENTAZIONE RICHIESTA IL GIORNO DELL\u2019APPUNTAMENTO.<\/li>\n<\/ol>\n<ul>\n<li>una fototessera (che rispetti gli\u00a0<a href=\"https:\/\/www.esteri.it\/it\/servizi-consolari-e-visti\/italiani-all-estero\/documenti_di_viaggio\/linee-guida-foto-icao\/\">standard ICAO<\/a>);<\/li>\n<li><a href=\"https:\/\/consnewyork.esteri.it\/wp-content\/uploads\/2024\/06\/Modello-_richiesta-CIE-maggiorenne_-2024.docx\"><strong>Modulo di richiesta<\/strong><\/a>compilato e firmato (<a href=\"https:\/\/consnewyork.esteri.it\/wp-content\/uploads\/2025\/02\/Modello-_richiesta-CIE-maggiorenne_-2024-1.pdf\"><strong>qui\u00a0<\/strong><\/a>la versione in pdf.). Per i minori il\u00a0<a href=\"https:\/\/consnewyork.esteri.it\/wp-content\/uploads\/2024\/06\/Modello_richiesta_CIE_minori_-2024.docx\"><strong>modulo<\/strong><\/a>\u00a0deve essere firmato da\u00a0<u>entrambi<\/u>\u00a0i genitori;<\/li>\n<li>un documento di identit\u00e0 in corso di validit\u00e0;<\/li>\n<li>la precedente Carta d\u2019Identit\u00e0, se gi\u00e0 in possesso (<u>NB: la CIE precedente verr\u00e0 annullata il giorno dell\u2019appuntamento);<\/u><\/li>\n<li>diritti consolari, da corrispondersi con\u00a0<em>money order<\/em>o\u00a0<em>cashier\u2019s check<\/em>\u00a0intestato a \u201c<strong>Consolato Generale d\u2019Italia New York<\/strong>\u201c per l\u2019importo indicato nella tabella consultabile (Art. 28C)\u00a0<a href=\"https:\/\/consnewyork.esteri.it\/it\/servizi-consolari-e-visti\/servizi-per-il-cittadino-italiano\/tariffe-consolari\/\">QUI<\/a>.<\/li>\n<\/ul>\n<p>Il giorno dell\u2019appuntamento, l\u2019operatore consolare acquisisce la documentazione, effettua il riconoscimento e la verifica della foto ed acquisisce le impronte digitali e la firma (salvo per i minori di anni 12).<\/p>\n<\/div>\n<div id=\"minorenni\"><\/div>\n<div>\n<ol start=\"4\">\n<li>COME RICHIEDO LA CARTA D\u2019IDENTITA\u2019 ELETTRONICA (CIE) PER I FIGLI MINORENNI?<\/li>\n<\/ol>\n<p>In fase di prenotazione dell\u2019appuntamento:<br \/>\na) Il genitore deve prendere appuntamento a proprio nome, utilizzando il proprio account\u00a0<a href=\"https:\/\/prenotami.esteri.it\/\">Prenot@mi\u00a0<\/a>, e inserire\u00a0 i dati del figlio nella sezione \u201cnote\u201d;<br \/>\nb) Nel caso il genitore avesse gi\u00e0 preso un appuntamento, potr\u00e0 comunque richiedere la carta d\u2019identit\u00e0 elettronica (CIE) per i figli minorenni solo se lo avr\u00e0 comunicato preventivamente per email a <a href=\"mailto:cie.newyork@esteri.it\">cie.newyork@esteri.it<\/a><br \/>\nQui il <a href=\"https:\/\/consnewyork.esteri.it\/wp-content\/uploads\/2024\/06\/Modello_richiesta_CIE_minori_-2024.docx\"><strong>modulo<\/strong><\/a> per i minorenni che dovr\u00e0 essere firmato dai genitori.<\/p>\n<p>Ricordiamo che dai 12 anni d\u2019et\u00e0 dovranno essere presenti il giorno dell\u2019appuntamento per l\u2019acquisizione dei dati biometrici. Qualora entrambi i coniugi non possano essere presenti il giorno dell\u2019appuntamento sar\u00e0 necessario che il coniuge non presente compili l\u2019<a href=\"https:\/\/consnewyork.esteri.it\/wp-content\/uploads\/2025\/02\/ATTO-ASSENSO.pdf\"><strong>Atto di assenso<\/strong><\/a>.<br \/>\nL\u2019assenso per il rilascio della Carta d\u2019Identit\u00e0 per minorenni \u00e8 necessario anche in caso di genitori non sposati, separati o divorziati. Se l\u2019altro genitore \u00e8 un\u00a0<strong>cittadino dell&#8217;Unione Europea<\/strong>, non \u00e8 necessaria la presenza in Consolato dello stesso. Sar\u00e0 sufficiente il modulo dell\u2019<a href=\"https:\/\/consnewyork.esteri.it\/wp-content\/uploads\/2025\/02\/ATTO-ASSENSO.pdf\"><strong>Atto di assenso<\/strong><\/a> compilato e firmato insieme ad una fotocopia di un documento di identit\u00e0 in corso di validit\u00e0.<br \/>\nSe il genitore che concede l\u2019assenso\u00a0<strong>non \u00e8 un cittadino dell\u2019Unione Europea<\/strong>, deve firmare la dichiarazione di assenso in una delle seguenti modalit\u00e0:<br \/>\n\u2022 presso il Consolato il giorno dell\u2019appuntamento, munito di documento di identit\u00e0;<br \/>\n\u2022 presso un\u00a0<em>notary public<\/em>\u00a0USA.<\/p>\n<\/div>\n<div id=\"valida\"><\/div>\n<div>\n<ol start=\"5\">\n<li>PER QUANTO TEMPO \u00c8 VALIDA LA CARTA D\u2019IDENTIT\u00c0 ELETTRONICA?<\/li>\n<\/ol>\n<p>La validit\u00e0 temporale della carta d\u2019identit\u00e0 varia in base all\u2019et\u00e0 del connazionale:<\/p>\n<ul>\n<li>Per i minori di 3 anni la validit\u00e0 \u00e8 di 3 anni;<\/li>\n<li>Per i minori dai 3 anni ai 18 anni la validit\u00e0 \u00e8 di 5 anni;<\/li>\n<li>Per i maggiorenni la validit\u00e0 \u00e8 di 10 anni.<\/li>\n<\/ul>\n<\/div>\n","protected":false},"excerpt":{"rendered":"QUANDO SI PUO\u2019 RICHIEDERE LA CARTA D\u2019IDENTITA\u2019 ELETTRONICA? La CIE viene rilasciata: \u2022 in sostituzione di una Carta d\u2019Identit\u00e0 cartacea valida; \u2022 a chi non sia in possesso di altra Carta d\u2019Identit\u00e0 valida; \u2022 in caso di furto, smarrimento o deterioramento della carta precedente elettronica o cartacea; \u2022 in sostituzione di una carta di identit\u00e0 [&hellip;]","protected":false},"author":3,"featured_media":0,"parent":2695,"menu_order":0,"comment_status":"closed","ping_status":"closed","template":"","meta":{"footnotes":""},"class_list":["post-2704","page","type-page","status-publish","hentry"],"_links":{"self":[{"href":"https:\/\/consnewyork.esteri.it\/it\/wp-json\/wp\/v2\/pages\/2704","targetHints":{"allow":["GET"]}}],"collection":[{"href":"https:\/\/consnewyork.esteri.it\/it\/wp-json\/wp\/v2\/pages"}],"about":[{"href":"https:\/\/consnewyork.esteri.it\/it\/wp-json\/wp\/v2\/types\/page"}],"author":[{"embeddable":true,"href":"https:\/\/consnewyork.esteri.it\/it\/wp-json\/wp\/v2\/users\/3"}],"replies":[{"embeddable":true,"href":"https:\/\/consnewyork.esteri.it\/it\/wp-json\/wp\/v2\/comments?post=2704"}],"version-history":[{"count":6,"href":"https:\/\/consnewyork.esteri.it\/it\/wp-json\/wp\/v2\/pages\/2704\/revisions"}],"predecessor-version":[{"id":5115,"href":"https:\/\/consnewyork.esteri.it\/it\/wp-json\/wp\/v2\/pages\/2704\/revisions\/5115"}],"up":[{"embeddable":true,"href":"https:\/\/consnewyork.esteri.it\/it\/wp-json\/wp\/v2\/pages\/2695"}],"wp:attachment":[{"href":"https:\/\/consnewyork.esteri.it\/it\/wp-json\/wp\/v2\/media?parent=2704"}],"curies":[{"name":"wp","href":"https:\/\/api.w.org\/{rel}","templated":true}]}}