{"id":2695,"date":"2024-06-12T12:25:24","date_gmt":"2024-06-12T16:25:24","guid":{"rendered":"https:\/\/consnewyork.esteri.it\/?page_id=2695"},"modified":"2026-02-20T16:40:49","modified_gmt":"2026-02-20T21:40:49","slug":"carta-didentita-elettronica-c-i-e","status":"publish","type":"page","link":"https:\/\/consnewyork.esteri.it\/it\/servizi-consolari-e-visti\/servizi-per-il-cittadino-italiano\/carta-didentita-elettronica-c-i-e\/","title":{"rendered":"Carta d\u2019Identit\u00e0 Elettronica (C.I.E.)"},"content":{"rendered":"<p>Novit\u00e0: <strong>A decorrere dal 1\u00b0 giugno 2026 il cittadino iscritto all\u2019Anagrafe degli Italiani Residenti all\u2019Estero (AIRE) pu\u00f2 \u00a0presentare domanda per il rilascio della carta d\u2019identit\u00e0 elettronica presso qualsiasi Comune italiano<\/strong>. La carta d\u2019identit\u00e0 sar\u00e0 consegnata con le medesime modalit\u00e0 previste in caso di domanda presentata tramite l\u2019Ufficio consolare, con facolt\u00e0 per l\u2019interessato di ritirarla personalmente presso il Comune ovvero di richiederne la spedizione all\u2019estero.<\/p>\n<p>***<\/p>\n<p>La Carta d\u2019Identit\u00e0 Elettronica (CIE) \u00e8 un documento multifunzionale: attesta l\u2019identit\u00e0 del cittadino, \u00e8 un documento di viaggio esclusivamente all\u2019interno dell\u2019UE, riporta il codice fiscale e si pu\u00f2 utilizzare, cos\u00ec come il passaporto, per richiedere un\u2019identit\u00e0 sul sistema SPID (Sistema Pubblico di Identit\u00e0 Digitale) con cui accedere ai Servizi erogati dalle Pubbliche Amministrazioni Italiane.<\/p>\n<p>Ai fini dell\u2019emissione della Carta d\u2019Identit\u00e0 Elettronica (CIE) \u00e8 indispensabile:<\/p>\n<ul>\n<li>essere iscritti all\u2019AIRE e risultare residente nella <a href=\"https:\/\/consnewyork.esteri.it\/it\/chi-siamo\/la-rete-consolare\/\">circoscrizione consolare<\/a> di questo Consolato Generale;<\/li>\n<li>aver trascritto l\u2019atto di nascita in Italia, in quanto gli estremi della trascrizione debbono essere riportati sulla Carta d\u2019Identit\u00e0 Elettronica (CIE);<\/li>\n<li>disponga di Codice Fiscale. Chi non \u00e8 in possesso del <a href=\"https:\/\/consnewyork.esteri.it\/it\/servizi-consolari-e-visti\/servizi-per-il-cittadino-italiano\/codice-fiscale\/\">Codice Fiscale<\/a> \u00e8 invitato a consultare il link dedicato;<\/li>\n<li>aver aggiornato la propria posizione nel caso di cambio d\u2019indirizzo, variazione dello stato civile o nascita di figli; i cambi di indirizzo vanno comunicati sul Portale <a href=\"https:\/\/serviziconsolarionline.esteri.it\/ScoFE\/index.sco\">FastIT<\/a>, assicurandosi di usare il proprio nome completo come da atto di nascita. Il Portale consente di visualizzare la propria posizione nello schedario consolare attraverso la funzione ASON \u2013 \u201cVisualizzare la propria scheda anagrafica\u201d. Una volta visualizzata la propria scheda anagrafica sar\u00e0 possibile notificare la propria variazione di indirizzo selezionando l\u2019apposita opzione.<\/li>\n<\/ul>\n<p>Si rimanda alla\u00a0<a href=\"https:\/\/consnewyork.esteri.it\/it\/servizi-consolari-e-visti\/servizi-per-il-cittadino-italiano\/stato-civile\/\">sezione Stato Civile<\/a>\u00a0per la registrazione degli atti di nascita, matrimonio e divorzio.<\/p>\n<p>I connazionali in possesso di tali requisiti possono richiedere la Carta d\u2019Identit\u00e0 Elettronica (CIE) in <a href=\"https:\/\/consnewyork.esteri.it\/it\/servizi-consolari-e-visti\/servizi-per-il-cittadino-italiano\/carta-didentita-elettronica-c-i-e\/faq\/#quando\">questi casi<\/a>.<\/p>\n<p>Per poter richiedere la Carta d\u2019Identit\u00e0 Elettronica (CIE) e\u2019 necessario prenotare un <strong>appuntamento su <\/strong><a href=\"https:\/\/prenotami.esteri.it\/\"><strong>Prenot@mi<\/strong><\/a> seguendo le <a href=\"https:\/\/consnewyork.esteri.it\/it\/servizi-consolari-e-visti\/servizi-per-il-cittadino-italiano\/carta-didentita-elettronica-c-i-e\/faq\/#come\">istruzioni<\/a>.<\/p>\n<p>Nel caso il connazionale non possieda i requisiti o emergano elementi ostativi <strong>NON SARA\u2019 POSSIBILE PROCEDERE ALLA RICHIESTA E L\u2019APPUNTAMENTO VERRA\u2019 CANCELLATO.<\/strong><\/p>\n<p><strong>Il giorno dell\u2019appuntamento il connazionale dovr\u00e0 la <a href=\"https:\/\/consnewyork.esteri.it\/it\/servizi-consolari-e-visti\/servizi-per-il-cittadino-italiano\/carta-didentita-elettronica-c-i-e\/faq\/#documentazione\">documentazione richiesta<\/a>.<\/strong><\/p>\n<p><strong>La Carta d\u2019Identit\u00e0 Elettronica (CIE)\u00a0<u>non<\/u>\u00a0viene rilasciata il giorno dell\u2019appuntamento,\u00a0<\/strong>ma viene spedita dall\u2019Istituto Poligrafico e Zecca dello Stato di Roma all\u2019indirizzo di residenza dichiarato dal richiedente sulla domanda. In caso di mancata consegna per indirizzo errato o di esaurimento del periodo di giacenza presso l\u2019Ufficio postale, il plico viene restituito al Consolato che contatter\u00e0 i connazionali per il ritiro. La <a href=\"https:\/\/consnewyork.esteri.it\/it\/servizi-consolari-e-visti\/servizi-per-il-cittadino-italiano\/carta-didentita-elettronica-c-i-e\/faq\/#valida\">validit\u00e0 temporale<\/a> della Carta d\u2019Identit\u00e0 Elettronica (CIE) varia in base all\u2019eta\u2019 del connazionale.<\/p>\n<p>Nel caso di figli minorenni, per la richiesta di Carta d\u2019Identit\u00e0 Elettronica (CIE) e\u2019 necessario seguire <a href=\"https:\/\/consnewyork.esteri.it\/it\/servizi-consolari-e-visti\/servizi-per-il-cittadino-italiano\/carta-didentita-elettronica-c-i-e\/faq\/#minorenni\">tale procedura<\/a>.<\/p>\n","protected":false},"excerpt":{"rendered":"Novit\u00e0: A decorrere dal 1\u00b0 giugno 2026 il cittadino iscritto all\u2019Anagrafe degli Italiani Residenti all\u2019Estero (AIRE) pu\u00f2 \u00a0presentare domanda per il rilascio della carta d\u2019identit\u00e0 elettronica presso qualsiasi Comune italiano. La carta d\u2019identit\u00e0 sar\u00e0 consegnata con le medesime modalit\u00e0 previste in caso di domanda presentata tramite l\u2019Ufficio consolare, con facolt\u00e0 per l\u2019interessato di ritirarla personalmente [&hellip;]","protected":false},"author":3,"featured_media":0,"parent":59,"menu_order":1,"comment_status":"closed","ping_status":"closed","template":"","meta":{"footnotes":""},"class_list":["post-2695","page","type-page","status-publish","hentry"],"_links":{"self":[{"href":"https:\/\/consnewyork.esteri.it\/it\/wp-json\/wp\/v2\/pages\/2695","targetHints":{"allow":["GET"]}}],"collection":[{"href":"https:\/\/consnewyork.esteri.it\/it\/wp-json\/wp\/v2\/pages"}],"about":[{"href":"https:\/\/consnewyork.esteri.it\/it\/wp-json\/wp\/v2\/types\/page"}],"author":[{"embeddable":true,"href":"https:\/\/consnewyork.esteri.it\/it\/wp-json\/wp\/v2\/users\/3"}],"replies":[{"embeddable":true,"href":"https:\/\/consnewyork.esteri.it\/it\/wp-json\/wp\/v2\/comments?post=2695"}],"version-history":[{"count":6,"href":"https:\/\/consnewyork.esteri.it\/it\/wp-json\/wp\/v2\/pages\/2695\/revisions"}],"predecessor-version":[{"id":5114,"href":"https:\/\/consnewyork.esteri.it\/it\/wp-json\/wp\/v2\/pages\/2695\/revisions\/5114"}],"up":[{"embeddable":true,"href":"https:\/\/consnewyork.esteri.it\/it\/wp-json\/wp\/v2\/pages\/59"}],"wp:attachment":[{"href":"https:\/\/consnewyork.esteri.it\/it\/wp-json\/wp\/v2\/media?parent=2695"}],"curies":[{"name":"wp","href":"https:\/\/api.w.org\/{rel}","templated":true}]}}