{"id":2519,"date":"2024-04-29T08:41:24","date_gmt":"2024-04-29T12:41:24","guid":{"rendered":"https:\/\/consnewyork.esteri.it\/?page_id=2519"},"modified":"2025-06-12T12:30:38","modified_gmt":"2025-06-12T16:30:38","slug":"enti-gestori","status":"publish","type":"page","link":"https:\/\/consnewyork.esteri.it\/it\/italia-e-usa\/diplomazia-culturale\/enti-gestori\/","title":{"rendered":"Enti gestori \/ promotori"},"content":{"rendered":"<p>Tra i soggetti attivi nella promozione della lingua e della cultura Italiana che collaborano con l\u2019Ufficio Scuola, un ruolo determinante \u00e8 svolto dagli Enti Gestori, organizzazioni locali no-profit che, dopo essersi iscritte, a domanda, all\u2019<a href=\"https:\/\/consnewyork.esteri.it\/wp-content\/uploads\/2025\/05\/Decreto-e-rinnov-albo-0425.pdf\">Albo Consolare degli Enti gestori<\/a>, possono ricevere contributi dal Ministero degli Esteri e della Cooperazione Internazionale per organizzare corsi di italiano nelle scuole pubbliche e private locali.<\/p>\n<p>Nel territorio di competenza del Consolato Generale di New York risultano attualmente iscritti all\u2019albo quattro Enti gestori:<\/p>\n<ul>\n<li><a href=\"https:\/\/www.iacelanguage.org\/\">IACE (Italian American Committee on Education)<\/a>, Ente che da oltre quarant\u2019anni opera in favore della promozione e ldiffusione della nostra lingua.<\/li>\n<\/ul>\n<p>IACE, 686 Park Avenue LL<br \/>\nNew York NY 10065<br \/>\nTel. +1 (212) 772-8755<br \/>\nSito:\u00a0<a href=\"https:\/\/www.iacelanguage.org\/\" target=\"_blank\" rel=\"noopener\">https:\/\/www.iacelanguage.org\/<\/a><br \/>\nE-mail:\u00a0<a href=\"mailto:info@iacelanguage.org\">info@iacelanguage.org<\/a><\/p>\n<ul>\n<li><a href=\"http:\/\/www.dlitaliano.org\/\">In Italiano \u2013 Bilinguismo a New York<\/a>, un\u2019associazione non-profit che si occupa in maniera pi\u00f9 focalizzata di bilinguismo e formazione dei docenti.<\/li>\n<\/ul>\n<p>In Italiano, inc. 121 West 132 Street, Suite 4<br \/>\nNew York, NY 10027<\/p>\n<p>Tel. +1 (917) 756-8304<br \/>\nSito:\u00a0<a href=\"https:\/\/www.dlitaliano.org\/\" target=\"_blank\" rel=\"noopener\">https:\/\/www.dlitaliano.org\/<\/a><br \/>\nE-mail\u00a0<a href=\"mailto:info@iacelanguage.org\">Bilinguismoany@gmail.com<\/a><\/p>\n<ul>\n<li><a href=\"http:\/\/www.italengusa.com\/\">WorldLangAmerica<\/a>, un\u2019associazione non-profit, nata durante la crisi pandemica, che si occupa principalmente di sviluppare forme e di collaborazione culturale e linguistica tra Italia e Stati Uniti organizzando incontri on line tra studenti italiani e americani.<\/li>\n<\/ul>\n<p>WORLDLANGAMERICA,<br \/>\n1227 E 46th Street<br \/>\nChicago, IL 60653<br \/>\nTel. +1 (315) 745-8922<br \/>\nSito: <a href=\"http:\/\/www.worldlangamerica.org\" target=\"_blank\" rel=\"noopener\">www.worldlangamerica.org<\/a><br \/>\nE mail: <a href=\"mailto:info@worldlangamerica.org\">info@worldlangamerica.org<\/a><\/p>\n<ul>\n<li>GEF (<a href=\"http:\/\/www.globaledulanguage.org\/\">Global Edulanguage Foundation<\/a>) che da due decenni opera per la promozione del patrimonio linguistico e culturale italiano e che gestisce una solida rete di contatti con dirigenti scolastici, educatori, associazioni dei genitori e insegnanti.<\/li>\n<\/ul>\n<p>GEF (Global Edulanguage Foundation), 23-11 21 Avenue, Suite 1 D,<br \/>\nAstoria, NY 11105<br \/>\nTel. +1 (347).613-9414<br \/>\nSito:\u00a0<a href=\"http:\/\/www.globaledulanguage.org\/\" target=\"_blank\" rel=\"noopener\">www.globaledulanguage.org<\/a><br \/>\nE mail:\u00a0<a href=\"mailto:globaledulanguage@gmail.com\">globaledulanguage@gmail.com<\/a><\/p>\n<ul>\n<li>FIEIT (The Foundation for Innovation and Excellence in Italian Teaching) fondata nel 2025 presso il Dipartimento di Italiano della Rutgers University con lo scopo di sviluppare l\u2019insegnamento della lingua e della cultura italiana in contesti bilingui o multilingui, secondo principi di innovazione, collaborazione e inclusione,\u00a0 attraverso attivit\u00e0 mirate: allo sviluppo della professionalit\u00e0 docente; alla progettazione curricolare e valutazione; all\u2019ampliamento dei programmi di studio; alla certificazione delle competenze; alla creazione di un centro territoriale di ricerca e di risorse per il personale docente.<\/li>\n<\/ul>\n<p>FIEIT (The Foundation for Innovation and Excellence in Italian Teaching)<br \/>\nRutgers University<br \/>\n15 Seminary Place, #5110<br \/>\nNew Brunswick, NJ 08901<br \/>\nSito: <a href=\"https:\/\/sites.rutgers.edu\/fieit\/\">https:\/\/sites.rutgers.edu\/fieit\/<\/a><br \/>\nE mail: <a href=\"mailto:carmela.scala@rutgers.edu\">carmela.scala@rutgers.edu<\/a><\/p>\n<p><a href=\"https:\/\/consnewyork.esteri.it\/wp-content\/uploads\/2025\/05\/Decreto-e-rinnov-albo-0425.pdf\">Albo consolare degli Enti gestori<\/a><\/p>\n<p>&nbsp;<\/p>\n<p><strong>Aggiornamento dell\u2019Albo consolare degli Enti gestori \/ promotori<\/strong><\/p>\n<p>L\u2019Albo degli Enti gestori rimane aperto e, a domanda, un ente pu\u00f2 sempre chiedere di esservi incluso o cancellato.<\/p>\n<p><strong>Possono\u00a0presentare domanda<\/strong>\u00a0di iscrizione all\u2019Albo gli Enti che, ai sensi della Circolare n. 4, siano in possesso dei seguenti requisiti:<\/p>\n<ol>\n<li>essere Enti gestori di cui all\u2019articolo 11 del Decreto legislativo 64\/2017, ovvero soggetti di diritto locale senza scopo di lucro, dotati di personalit\u00e0 giuridica e promotori delle iniziative a favore della lingua e della cultura italiana di cui all\u2019articolo 10 dello stesso Decreto;<\/li>\n<li>essere dotati di uno Statuto conforme al diritto locale, che ne delinei le caratteristiche, i compiti, gli obiettivi, i mezzi finanziari e l\u2019ambito di intervento e che includa, tra le proprie finalit\u00e0, la promozione della lingua e della cultura italiana.<\/li>\n<\/ol>\n<p><strong>NON possono essere iscritti<\/strong>\u00a0all\u2019Albo consolare e, conseguentemente, richiedere un contributo ministeriale enti o soggetti che:<\/p>\n<ul>\n<li>riuniscano al loro interno altri enti con caratteristiche e finalit\u00e0 analoghe;<\/li>\n<li>al cui interno ricoprano cariche statutarie o direttive, anche se onorarie, rappresentanti delle Sedi diplomatico\/consolari, degli Istituti di Cultura, degli Uffici scolastici e dei Com.It.Es;<\/li>\n<li>il cui statuto non sia conforme al diritto locale.<\/li>\n<\/ul>\n<p>Per la registrazione all\u2019Albo occorre presentare la seguente documentazione:<\/p>\n<ul>\n<li><a href=\"https:\/\/consnewyork.esteri.it\/wp-content\/uploads\/2024\/11\/2-Modulo-Domanda-di-iscrizione-Albo-Consoalre-Enti-gestori-promotori.docx\">modulo di domanda qui allegato debitamente compilato e firmato<\/a><\/li>\n<li><a href=\"https:\/\/consnewyork.esteri.it\/wp-content\/uploads\/2024\/11\/3-ALLEGATO-1-Anagrafica-Ente.docx\">Scheda anagrafica dell\u2019Ente richiedente<\/a><\/li>\n<li>Copia del Documento di identit\u00e0 del suo Legale rappresentante;<\/li>\n<li>Copia dello Statuto dell\u2019ente.<\/li>\n<\/ul>\n<p>La richiesta di iscrizione all\u2019Albo, completa di tutti gli allegati, Potr\u00e0 essere inoltrata<\/p>\n<ul>\n<li>al seguente indirizzo di posta elettronica certificata:\u00a0<a href=\"mailto:con.newyork.ufficioscuola@cert.esteri.it\">con.newyork.ufficioscuola@cert.esteri.it<\/a><\/li>\n<li>oppure tramite lettera raccomandata al seguente indirizzo: Ufficio scolastico, c\/o Consolato Generale d\u2019Italia a New York, 690, Park Avenue, New York, NY 10065;<\/li>\n<li>oppure tramite consegna a mano in busta sigillata presso la sede consolare con l\u2019accortezza di indirizzarla all\u2019Ufficio scolastico e di indicare: \u201cDomanda di iscrizione all\u2019Albo consolare degli Enti gestori e promotori di iniziative a favore della lingua e della cultura italiana\u201d.<\/li>\n<\/ul>\n<p>Dopo verifica e valutazione delle domande da parte dell\u2019Ufficio consolare si proceder\u00e0 alla pubblicazione del nuovo Albo nella sezione \u201c<a href=\"https:\/\/consnewyork.esteri.it\/it\/italia-e-usa\/diplomazia-culturale\/\">Diplomazia culturale<\/a>\u201d del sito del Consolato Generale di New York.<\/p>\n<p>L\u2019Albo avr\u00e0 validit\u00e0 quadriennale e la verifica del mantenimento del possesso dei requisiti di ogni Ente iscritto sar\u00e0 annuale.<\/p>\n","protected":false},"excerpt":{"rendered":"Tra i soggetti attivi nella promozione della lingua e della cultura Italiana che collaborano con l\u2019Ufficio Scuola, un ruolo determinante \u00e8 svolto dagli Enti Gestori, organizzazioni locali no-profit che, dopo essersi iscritte, a domanda, all\u2019Albo Consolare degli Enti gestori, possono ricevere contributi dal Ministero degli Esteri e della Cooperazione Internazionale per organizzare corsi di italiano [&hellip;]","protected":false},"author":3,"featured_media":0,"parent":41,"menu_order":10,"comment_status":"closed","ping_status":"closed","template":"","meta":{"footnotes":""},"class_list":["post-2519","page","type-page","status-publish","hentry"],"_links":{"self":[{"href":"https:\/\/consnewyork.esteri.it\/it\/wp-json\/wp\/v2\/pages\/2519","targetHints":{"allow":["GET"]}}],"collection":[{"href":"https:\/\/consnewyork.esteri.it\/it\/wp-json\/wp\/v2\/pages"}],"about":[{"href":"https:\/\/consnewyork.esteri.it\/it\/wp-json\/wp\/v2\/types\/page"}],"author":[{"embeddable":true,"href":"https:\/\/consnewyork.esteri.it\/it\/wp-json\/wp\/v2\/users\/3"}],"replies":[{"embeddable":true,"href":"https:\/\/consnewyork.esteri.it\/it\/wp-json\/wp\/v2\/comments?post=2519"}],"version-history":[{"count":6,"href":"https:\/\/consnewyork.esteri.it\/it\/wp-json\/wp\/v2\/pages\/2519\/revisions"}],"predecessor-version":[{"id":4155,"href":"https:\/\/consnewyork.esteri.it\/it\/wp-json\/wp\/v2\/pages\/2519\/revisions\/4155"}],"up":[{"embeddable":true,"href":"https:\/\/consnewyork.esteri.it\/it\/wp-json\/wp\/v2\/pages\/41"}],"wp:attachment":[{"href":"https:\/\/consnewyork.esteri.it\/it\/wp-json\/wp\/v2\/media?parent=2519"}],"curies":[{"name":"wp","href":"https:\/\/api.w.org\/{rel}","templated":true}]}}