{"id":2095,"date":"2023-11-01T09:12:39","date_gmt":"2023-11-01T13:12:39","guid":{"rendered":"https:\/\/consnewyork.esteri.it\/?page_id=2095"},"modified":"2025-03-03T16:30:39","modified_gmt":"2025-03-03T21:30:39","slug":"la-struttura-associativa","status":"publish","type":"page","link":"https:\/\/consnewyork.esteri.it\/it\/servizi-consolari-e-visti\/servizi-per-il-cittadino-italiano\/la-struttura-associativa\/","title":{"rendered":"La Struttura Associativa"},"content":{"rendered":"<div>\n<p>L\u2019associazionismo italiano all\u2019estero ha sempre rappresentato una ricchezza di tradizione, cultura e innovazione di indubbio valore.<\/p>\n<p>Le Associazioni presenti nella <a href=\"https:\/\/consnewyork.esteri.it\/it\/chi-siamo\/la-rete-consolare\/\">circoscrizione Consolare di New York<\/a>\u00a0potranno presentare richiesta di registrazione al Consolato Generale d\u2019Italia a New York.<\/p>\n<p>I requisiti richiesti dalla normativa per l\u2019iscrizione delle nuove Associazioni e la permanenza di quelle gi\u00e0 riconosciute sono:<\/p>\n<ol>\n<li><strong>il criterio numerico<\/strong>, che prevede un numero di soci fissato a non meno di 25 (cittadini italiani residenti in questa circoscrizione consolare e registrati negli schedari consolari), nel caso di circoscrizioni consolari con numero di collettivit\u00e0 iscritta inferiore alle 100.000 unit\u00e0;<\/li>\n<li><strong>il criterio dell\u2019operativit\u00e0<\/strong>, in relazione al quale l\u2019Associazione deve provare lo svolgimento di <strong>concrete attivit\u00e0<\/strong> in favore degli interessi della collettivit\u00e0 e degli associati di cui \u00e8 espressione, in aderenza alle finalit\u00e0 fissate dal proprio Statuto.<\/li>\n<\/ol>\n<p>Le richieste di registrazione dovranno contenere le seguenti indicazioni:<\/p>\n<ol>\n<li>denominazione esatta dell\u2019Associazione e suo indirizzo completo (compreso quello di posta elettronica, qualora disponibile, e i n. di telefoni utili);<\/li>\n<li>data di costituzione e di eventuale registrazione presso le Autorit\u00e0 locali;<\/li>\n<li>finalit\u00e0 principale (quale desumibile dallo Statuto). Si precisa che sono ammesse tutte le finalit\u00e0 che non siano vietate ai singoli dalla legge penale (art. 18 della Costituzione della Repubblica);<\/li>\n<li>capitale sociale;<\/li>\n<li>nominativi dei rappresentanti legali e dei detentori di cariche sociali;<\/li>\n<li>elenco nominativo dei soci;<\/li>\n<li>numero dei soci presenti all\u2019ultima Assemblea;<\/li>\n<li>attivit\u00e0 svolte nel corso dell\u2019ultimo anno e data di svolgimento.<\/li>\n<\/ol>\n<p>Le richieste dovranno essere corredate da tutta la documentazione utile a provare il possesso dei requisiti, per le verifiche del caso da parte del Consolato, inclusa una copia dello Statuto che verr\u00e0 conservato agli atti del Consolato.<\/p>\n<p>Si riportano di seguito le Associazioni italiane registrate presso il Consolato Generale d&#8217;Italia a New York: <a href=\"https:\/\/consnewyork.esteri.it\/wp-content\/uploads\/2024\/02\/Lista-Associazioni.pdf\">Lista Associazioni<\/a>.<\/p>\n<p><a href=\"https:\/\/consnewyork.esteri.it\/wp-content\/uploads\/2024\/02\/Scheda-rilevazione-associazioni-italiane.docx\">Scheda rilevazione struttura associativa<\/a><\/p>\n<\/div>\n","protected":false},"excerpt":{"rendered":"L\u2019associazionismo italiano all\u2019estero ha sempre rappresentato una ricchezza di tradizione, cultura e innovazione di indubbio valore. Le Associazioni presenti nella circoscrizione Consolare di New York\u00a0potranno presentare richiesta di registrazione al Consolato Generale d\u2019Italia a New York. I requisiti richiesti dalla normativa per l\u2019iscrizione delle nuove Associazioni e la permanenza di quelle gi\u00e0 riconosciute sono: il [&hellip;]","protected":false},"author":3,"featured_media":0,"parent":59,"menu_order":48,"comment_status":"closed","ping_status":"closed","template":"","meta":{"footnotes":""},"class_list":["post-2095","page","type-page","status-publish","hentry"],"_links":{"self":[{"href":"https:\/\/consnewyork.esteri.it\/it\/wp-json\/wp\/v2\/pages\/2095","targetHints":{"allow":["GET"]}}],"collection":[{"href":"https:\/\/consnewyork.esteri.it\/it\/wp-json\/wp\/v2\/pages"}],"about":[{"href":"https:\/\/consnewyork.esteri.it\/it\/wp-json\/wp\/v2\/types\/page"}],"author":[{"embeddable":true,"href":"https:\/\/consnewyork.esteri.it\/it\/wp-json\/wp\/v2\/users\/3"}],"replies":[{"embeddable":true,"href":"https:\/\/consnewyork.esteri.it\/it\/wp-json\/wp\/v2\/comments?post=2095"}],"version-history":[{"count":7,"href":"https:\/\/consnewyork.esteri.it\/it\/wp-json\/wp\/v2\/pages\/2095\/revisions"}],"predecessor-version":[{"id":4990,"href":"https:\/\/consnewyork.esteri.it\/it\/wp-json\/wp\/v2\/pages\/2095\/revisions\/4990"}],"up":[{"embeddable":true,"href":"https:\/\/consnewyork.esteri.it\/it\/wp-json\/wp\/v2\/pages\/59"}],"wp:attachment":[{"href":"https:\/\/consnewyork.esteri.it\/it\/wp-json\/wp\/v2\/media?parent=2095"}],"curies":[{"name":"wp","href":"https:\/\/api.w.org\/{rel}","templated":true}]}}